{"id":9996,"date":"2023-01-14T15:00:08","date_gmt":"2023-01-14T14:00:08","guid":{"rendered":"https:\/\/boeselager-realschule.de\/?page_id=9996"},"modified":"2026-01-13T20:38:41","modified_gmt":"2026-01-13T19:38:41","slug":"unsere-schule","status":"publish","type":"page","link":"https:\/\/boeselager-realschule.de\/?page_id=9996","title":{"rendered":"Unsere Schule"},"content":{"rendered":"<p><strong>Liebe Eltern und Sorgeberechtigten der k\u00fcnftigen F\u00fcnftkl\u00e4ssler,<\/strong><\/p>\n<p>auf dieser Seite finden Sie alle wichtigen Informationen zum diesj\u00e4hrigen Anmeldeverfahren und k\u00f6nnen sich \u00fcber unsere Schule und den Schultyp kooperative Realschule plus informieren.<\/p>\n<p>Wir freuen uns, in diesem Jahr wieder pers\u00f6nliche Anmeldegespr\u00e4che in der Zeit vom Montag, 2. Februar 2026 bis zum Donnerstag, 5. M\u00e4rz 2026, durchf\u00fchren zu k\u00f6nnen. Hierzu k\u00f6nnen Sie unter folgendem Link online ab Ende Januar 2026 einen Termin buchen:<a href=\"https:\/\/www.terminland.de\/boeselager\" target=\"_blank\" rel=\"noopener\"><img loading=\"lazy\" decoding=\"async\" class=\"aligncenter wp-image-11208\" src=\"https:\/\/boeselager-realschule.de\/wp-content\/uploads\/2023\/01\/Termine-1024x393.jpg\" alt=\"\" width=\"350\" height=\"134\" srcset=\"https:\/\/boeselager-realschule.de\/wp-content\/uploads\/2023\/01\/Termine-1024x393.jpg 1024w, https:\/\/boeselager-realschule.de\/wp-content\/uploads\/2023\/01\/Termine-300x115.jpg 300w, https:\/\/boeselager-realschule.de\/wp-content\/uploads\/2023\/01\/Termine-768x295.jpg 768w, https:\/\/boeselager-realschule.de\/wp-content\/uploads\/2023\/01\/Termine.jpg 1094w\" sizes=\"auto, (max-width: 350px) 100vw, 350px\" \/><\/a><\/p>\n<p style=\"text-align: center;\"><a href=\"https:\/\/www.terminland.de\/boeselager\/\" target=\"_blank\" rel=\"noopener\">\u2013&gt; Termin zum Anmeldegespr\u00e4ch buchen &#8211; Erst ab Ende Januar!<\/a><\/p>\n<p>Eine telefonische Terminvereinbarung k\u00f6nnen Sie unter 02641\/97930 vornehmen.<\/p>\n<p>Zum Anmeldetermin bringen Sie bitte folgende Unterlagen mit:<\/p>\n<ol>\n<li>Ausgef\u00fcllter <a href=\"https:\/\/boeselager-realschule.de\/wp-content\/uploads\/2026\/01\/Aufnahmeantrag-Neue_5er_-2026.pdf\" target=\"_blank\" rel=\"noopener\"><strong>Anmeldebogen<\/strong><\/a><\/li>\n<li><strong>Geburtsurkunde<\/strong> Ihres Kindes<\/li>\n<li><strong>Halbjahreszeugnis<\/strong> der Klassenstufe 4<\/li>\n<li>eindeutig und bezogen auf Ihr Kind erkennbarer <strong>Nachweis zum Masernschutz<\/strong> (z.B.: Impfausweis, Best\u00e4tigung des Kinderarztes)<\/li>\n<li><strong>Empfehlungsschreiben der Grundschule<\/strong> im<strong> Original <\/strong>(kompletter Formularsatz)<\/li>\n<li><strong>Fahrtkostenantr\u00e4ge<\/strong> k\u00f6nnen nur noch online \u00fcber die Kreisverwaltung beantragt werden<br \/>\n&#8211;&gt;&nbsp; <a href=\"http:\/\/www.kreis-ahrweiler.de\/schuelerbefoerderung\" target=\"_blank\" rel=\"noopener\"><em><strong>www.kreis-ahrweiler.de\/schuelerbefoerderung<\/strong><\/em><\/a><\/li>\n<\/ol>\n<p>&nbsp;<br \/>\n<em><a href=\"https:\/\/boeselager-realschule.de\/wp-content\/uploads\/2021\/12\/Hausordnung-ab-2022.pdf\" target=\"_blank\" rel=\"noopener noreferrer\">Hausordnung<\/a>&nbsp; &nbsp;&#8211;&nbsp; &nbsp;<a href=\"https:\/\/boeselager-realschule.de\/wp-content\/uploads\/2024\/12\/Ergaenzung-der-Hausordnung.pdf\" target=\"_blank\" rel=\"noopener\">Erg\u00e4nzung zu Hausordnung<\/a>&nbsp; &nbsp; &#8211;&nbsp; &nbsp;<a href=\"http:\/\/boeselager-realschule.de\/wp-content\/uploads\/2015\/02\/2015-Raumnutzung.pdf\" target=\"_blank\" rel=\"noopener noreferrer\">Klassenraumnutzung<\/a>&nbsp; &nbsp;&#8211;&nbsp;&nbsp; <a href=\"http:\/\/boeselager-schule.de\/wp-content\/uploads\/2010\/01\/EDV-Raum-Nutzungsordnung.pdf\" target=\"_blank\" rel=\"noopener noreferrer\">EDV-Raum-Nutzungsordnung<\/a>&nbsp; &nbsp; &#8211;&nbsp;&nbsp; <a href=\"https:\/\/boeselager-realschule.de\/wp-content\/uploads\/2021\/12\/Belehrung_Eltern.pdf\" target=\"_blank\" rel=\"noopener\">Belehrung Infektionsschutz<\/a>&nbsp; &nbsp;&#8211;&nbsp; <a href=\"https:\/\/boeselager-realschule.de\/wp-content\/uploads\/2019\/01\/2019-Aufnahmeantrag-DSGVO.pdf\" target=\"_blank\" rel=\"noopener noreferrer\">DSVGO-Erkl\u00e4rung<\/a><\/em><\/p>\n<p>Sp\u00e4testens nach <strong>Ablauf der Anmeldefrist am 05.03.2026<\/strong>&nbsp;erhalten Sie eine Nachricht, ob Ihr Kind bei uns als angemeldet gilt.<\/p>\n<p>F\u00fcr weitere Fragen oder bei technischen Schwierigkeiten k\u00f6nnen Sie sich gerne bei uns unter der Rufnummer 02641\/97930 melden.<\/p>\n<p>Wir freuen uns auf Sie!<\/p>\n<p>&nbsp;<\/p>\n<p><em><strong>Bettina Lanzerath&nbsp; &nbsp; &nbsp; &nbsp; &nbsp; &nbsp; &nbsp; &nbsp; &nbsp; &nbsp; &nbsp; &nbsp; &nbsp; &nbsp; &nbsp; &nbsp; &nbsp; &nbsp; &nbsp; &nbsp; &nbsp; &nbsp; &nbsp; &nbsp; &nbsp; Dr. R\u00fcdiger Becker<br \/>\n<\/strong><\/em>Stv. Schulleiterin&nbsp; &nbsp; &nbsp; &nbsp; &nbsp; &nbsp; &nbsp; &nbsp; &nbsp; &nbsp; &nbsp; &nbsp; &nbsp; &nbsp; &nbsp; &nbsp; &nbsp; &nbsp; &nbsp; &nbsp; &nbsp; &nbsp; &nbsp; &nbsp; &nbsp; &nbsp; &nbsp; &nbsp; &nbsp; &nbsp; &nbsp;Orientierungsstufenleiter<\/p>\n<p style=\"text-align: center;\">&nbsp;<\/p>\n<p>&nbsp;<\/p>\n<div id=\"attachment_10112\" style=\"width: 260px\" class=\"wp-caption aligncenter\"><a href=\"https:\/\/boeselager-realschule.de\/wp-content\/uploads\/2025\/11\/2026-Flyer.pdf\" target=\"_blank\" rel=\"noopener\"><img loading=\"lazy\" decoding=\"async\" aria-describedby=\"caption-attachment-10112\" class=\"wp-image-10112\" src=\"https:\/\/boeselager-realschule.de\/wp-content\/uploads\/2021\/01\/2021-Flyer.jpg\" alt=\"Weitere Infos stehen auch in unserem neu aufgelegten Flyer f\u00fcr 2021\/22&nbsp;\" width=\"250\" height=\"351\" srcset=\"https:\/\/boeselager-realschule.de\/wp-content\/uploads\/2021\/01\/2021-Flyer.jpg 320w, https:\/\/boeselager-realschule.de\/wp-content\/uploads\/2021\/01\/2021-Flyer-214x300.jpg 214w\" sizes=\"auto, (max-width: 250px) 100vw, 250px\" \/><\/a><p id=\"caption-attachment-10112\" class=\"wp-caption-text\">Weitere Infos auch in unserem &#8211;&gt; <strong><a href=\"https:\/\/boeselager-realschule.de\/wp-content\/uploads\/2025\/11\/2026-Flyer.pdf\" target=\"_blank\" rel=\"noopener\">Flyer<\/a><\/strong><\/p><\/div>\n<p style=\"text-align: center;\"><iframe loading=\"lazy\" title=\"YouTube video player\" src=\"https:\/\/www.youtube.com\/embed\/-VXctnvX3IU\" width=\"560\" height=\"315\" frameborder=\"0\" allowfullscreen=\"allowfullscreen\"><span data-mce-type=\"bookmark\" style=\"display: inline-block; width: 0px; overflow: hidden; line-height: 0;\" class=\"mce_SELRES_start\">\ufeff<\/span><span data-mce-type=\"bookmark\" style=\"display: inline-block; width: 0px; overflow: hidden; line-height: 0;\" class=\"mce_SELRES_start\">\ufeff<\/span><\/iframe><\/p>\n<p style=\"text-align: center;\">Im folgenden Video erkl\u00e4rt unser ehemaliger Schulleiter Timo Lichtenth\u00e4ler die Schulart <strong>&#8220;Realschule plus&#8221;:<\/strong><\/p>\n<p style=\"text-align: center;\"><iframe loading=\"lazy\" src=\"https:\/\/www.youtube.com\/embed\/gROY4jGI9Ms\" width=\"560\" height=\"315\" frameborder=\"0\" allowfullscreen=\"allowfullscreen\"><\/iframe><\/p>\n","protected":false},"excerpt":{"rendered":"<p>Liebe Eltern und Sorgeberechtigten der k\u00fcnftigen F\u00fcnftkl\u00e4ssler, auf dieser Seite finden Sie alle wichtigen Informationen zum diesj\u00e4hrigen Anmeldeverfahren und k\u00f6nnen sich \u00fcber unsere Schule und den Schultyp kooperative Realschule plus informieren. Wir freuen uns, in diesem Jahr wieder pers\u00f6nliche Anmeldegespr\u00e4che in der Zeit vom Montag, 2. Februar 2026 bis zum Donnerstag, 5. M\u00e4rz 2026, durchf\u00fchren [&hellip;]<\/p>\n","protected":false},"author":5,"featured_media":0,"parent":0,"menu_order":99999,"comment_status":"closed","ping_status":"closed","template":"","meta":{"ngg_post_thumbnail":0,"footnotes":""},"class_list":["post-9996","page","type-page","status-publish","hentry"],"yoast_head":"<!-- This site is optimized with the Yoast SEO plugin v27.3 - https:\/\/yoast.com\/product\/yoast-seo-wordpress\/ -->\n<title>Unsere Schule &#183; Philipp Freiherr von Boeselager Realschule plus Ahrweiler<\/title>\n<meta name=\"description\" content=\"Realschule plus, Ahrweiler, Boeselager Realschule, individuelle F\u00f6rderung, Wahlpflichtf\u00e4cher, internationale Partnerschaften, Arbeitsgemeinschaften, Bildung, Schulgemeinschaft\" \/>\n<meta name=\"robots\" content=\"index, follow, max-snippet:-1, max-image-preview:large, max-video-preview:-1\" \/>\n<link rel=\"canonical\" href=\"https:\/\/boeselager-realschule.de\/?page_id=9996\" \/>\n<meta property=\"og:locale\" content=\"de_DE\" \/>\n<meta property=\"og:type\" content=\"article\" \/>\n<meta property=\"og:title\" content=\"Unsere Schule &#183; Philipp Freiherr von Boeselager Realschule plus Ahrweiler\" \/>\n<meta property=\"og:description\" content=\"Realschule plus, Ahrweiler, Boeselager Realschule, individuelle F\u00f6rderung, Wahlpflichtf\u00e4cher, internationale Partnerschaften, Arbeitsgemeinschaften, Bildung, Schulgemeinschaft\" \/>\n<meta property=\"og:url\" content=\"https:\/\/boeselager-realschule.de\/?page_id=9996\" \/>\n<meta property=\"og:site_name\" content=\"Philipp Freiherr von Boeselager Realschule plus Ahrweiler\" \/>\n<meta property=\"article:publisher\" content=\"https:\/\/www.facebook.com\/rsplus\" \/>\n<meta property=\"article:modified_time\" content=\"2026-01-13T19:38:41+00:00\" \/>\n<meta property=\"og:image\" content=\"https:\/\/boeselager-realschule.de\/wp-content\/uploads\/2023\/01\/Termine.jpg\" \/>\n\t<meta property=\"og:image:width\" content=\"1094\" \/>\n\t<meta property=\"og:image:height\" content=\"420\" \/>\n\t<meta property=\"og:image:type\" content=\"image\/jpeg\" \/>\n<meta name=\"twitter:card\" content=\"summary_large_image\" \/>\n<meta name=\"twitter:label1\" content=\"Gesch\u00e4tzte Lesezeit\" \/>\n\t<meta name=\"twitter:data1\" content=\"2\u00a0Minuten\" \/>\n<script type=\"application\/ld+json\" class=\"yoast-schema-graph\">{\"@context\":\"https:\\\/\\\/schema.org\",\"@graph\":[{\"@type\":\"WebPage\",\"@id\":\"https:\\\/\\\/boeselager-realschule.de\\\/?page_id=9996\",\"url\":\"https:\\\/\\\/boeselager-realschule.de\\\/?page_id=9996\",\"name\":\"Unsere Schule &#183; Philipp Freiherr von Boeselager Realschule plus Ahrweiler\",\"isPartOf\":{\"@id\":\"https:\\\/\\\/boeselager-realschule.de\\\/#website\"},\"primaryImageOfPage\":{\"@id\":\"https:\\\/\\\/boeselager-realschule.de\\\/?page_id=9996#primaryimage\"},\"image\":{\"@id\":\"https:\\\/\\\/boeselager-realschule.de\\\/?page_id=9996#primaryimage\"},\"thumbnailUrl\":\"https:\\\/\\\/boeselager-realschule.de\\\/wp-content\\\/uploads\\\/2023\\\/01\\\/Termine-1024x393.jpg\",\"datePublished\":\"2023-01-14T14:00:08+00:00\",\"dateModified\":\"2026-01-13T19:38:41+00:00\",\"description\":\"Realschule plus, Ahrweiler, Boeselager Realschule, individuelle F\u00f6rderung, Wahlpflichtf\u00e4cher, internationale Partnerschaften, Arbeitsgemeinschaften, Bildung, Schulgemeinschaft\",\"breadcrumb\":{\"@id\":\"https:\\\/\\\/boeselager-realschule.de\\\/?page_id=9996#breadcrumb\"},\"inLanguage\":\"de\",\"potentialAction\":[{\"@type\":\"ReadAction\",\"target\":[\"https:\\\/\\\/boeselager-realschule.de\\\/?page_id=9996\"]}]},{\"@type\":\"ImageObject\",\"inLanguage\":\"de\",\"@id\":\"https:\\\/\\\/boeselager-realschule.de\\\/?page_id=9996#primaryimage\",\"url\":\"https:\\\/\\\/boeselager-realschule.de\\\/wp-content\\\/uploads\\\/2023\\\/01\\\/Termine.jpg\",\"contentUrl\":\"https:\\\/\\\/boeselager-realschule.de\\\/wp-content\\\/uploads\\\/2023\\\/01\\\/Termine.jpg\",\"width\":1094,\"height\":420},{\"@type\":\"BreadcrumbList\",\"@id\":\"https:\\\/\\\/boeselager-realschule.de\\\/?page_id=9996#breadcrumb\",\"itemListElement\":[{\"@type\":\"ListItem\",\"position\":1,\"name\":\"Startseite\",\"item\":\"https:\\\/\\\/boeselager-realschule.de\\\/\"},{\"@type\":\"ListItem\",\"position\":2,\"name\":\"Unsere Schule\"}]},{\"@type\":\"WebSite\",\"@id\":\"https:\\\/\\\/boeselager-realschule.de\\\/#website\",\"url\":\"https:\\\/\\\/boeselager-realschule.de\\\/\",\"name\":\"Philipp Freiherr von Boeselager Realschule plus Ahrweiler\",\"description\":\"\",\"publisher\":{\"@id\":\"https:\\\/\\\/boeselager-realschule.de\\\/#organization\"},\"potentialAction\":[{\"@type\":\"SearchAction\",\"target\":{\"@type\":\"EntryPoint\",\"urlTemplate\":\"https:\\\/\\\/boeselager-realschule.de\\\/?s={search_term_string}\"},\"query-input\":{\"@type\":\"PropertyValueSpecification\",\"valueRequired\":true,\"valueName\":\"search_term_string\"}}],\"inLanguage\":\"de\"},{\"@type\":\"Organization\",\"@id\":\"https:\\\/\\\/boeselager-realschule.de\\\/#organization\",\"name\":\"Philipp Freiherr von Boeselager Realschule plus Ahrweiler\",\"url\":\"https:\\\/\\\/boeselager-realschule.de\\\/\",\"logo\":{\"@type\":\"ImageObject\",\"inLanguage\":\"de\",\"@id\":\"https:\\\/\\\/boeselager-realschule.de\\\/#\\\/schema\\\/logo\\\/image\\\/\",\"url\":\"https:\\\/\\\/boeselager-realschule.de\\\/wp-content\\\/uploads\\\/2025\\\/02\\\/logo_280-gif.gif\",\"contentUrl\":\"https:\\\/\\\/boeselager-realschule.de\\\/wp-content\\\/uploads\\\/2025\\\/02\\\/logo_280-gif.gif\",\"width\":280,\"height\":226,\"caption\":\"Philipp Freiherr von Boeselager Realschule plus Ahrweiler\"},\"image\":{\"@id\":\"https:\\\/\\\/boeselager-realschule.de\\\/#\\\/schema\\\/logo\\\/image\\\/\"},\"sameAs\":[\"https:\\\/\\\/www.facebook.com\\\/rsplus\"]}]}<\/script>\n<!-- \/ Yoast SEO plugin. -->","yoast_head_json":{"title":"Unsere Schule &#183; Philipp Freiherr von Boeselager Realschule plus Ahrweiler","description":"Realschule plus, Ahrweiler, Boeselager Realschule, individuelle F\u00f6rderung, Wahlpflichtf\u00e4cher, internationale Partnerschaften, Arbeitsgemeinschaften, Bildung, Schulgemeinschaft","robots":{"index":"index","follow":"follow","max-snippet":"max-snippet:-1","max-image-preview":"max-image-preview:large","max-video-preview":"max-video-preview:-1"},"canonical":"https:\/\/boeselager-realschule.de\/?page_id=9996","og_locale":"de_DE","og_type":"article","og_title":"Unsere Schule &#183; Philipp Freiherr von Boeselager Realschule plus Ahrweiler","og_description":"Realschule plus, Ahrweiler, Boeselager Realschule, individuelle F\u00f6rderung, Wahlpflichtf\u00e4cher, internationale Partnerschaften, Arbeitsgemeinschaften, Bildung, Schulgemeinschaft","og_url":"https:\/\/boeselager-realschule.de\/?page_id=9996","og_site_name":"Philipp Freiherr von Boeselager Realschule plus Ahrweiler","article_publisher":"https:\/\/www.facebook.com\/rsplus","article_modified_time":"2026-01-13T19:38:41+00:00","og_image":[{"width":1094,"height":420,"url":"https:\/\/boeselager-realschule.de\/wp-content\/uploads\/2023\/01\/Termine.jpg","type":"image\/jpeg"}],"twitter_card":"summary_large_image","twitter_misc":{"Gesch\u00e4tzte Lesezeit":"2\u00a0Minuten"},"schema":{"@context":"https:\/\/schema.org","@graph":[{"@type":"WebPage","@id":"https:\/\/boeselager-realschule.de\/?page_id=9996","url":"https:\/\/boeselager-realschule.de\/?page_id=9996","name":"Unsere Schule &#183; Philipp Freiherr von Boeselager Realschule plus Ahrweiler","isPartOf":{"@id":"https:\/\/boeselager-realschule.de\/#website"},"primaryImageOfPage":{"@id":"https:\/\/boeselager-realschule.de\/?page_id=9996#primaryimage"},"image":{"@id":"https:\/\/boeselager-realschule.de\/?page_id=9996#primaryimage"},"thumbnailUrl":"https:\/\/boeselager-realschule.de\/wp-content\/uploads\/2023\/01\/Termine-1024x393.jpg","datePublished":"2023-01-14T14:00:08+00:00","dateModified":"2026-01-13T19:38:41+00:00","description":"Realschule plus, Ahrweiler, Boeselager Realschule, individuelle F\u00f6rderung, Wahlpflichtf\u00e4cher, internationale Partnerschaften, Arbeitsgemeinschaften, Bildung, Schulgemeinschaft","breadcrumb":{"@id":"https:\/\/boeselager-realschule.de\/?page_id=9996#breadcrumb"},"inLanguage":"de","potentialAction":[{"@type":"ReadAction","target":["https:\/\/boeselager-realschule.de\/?page_id=9996"]}]},{"@type":"ImageObject","inLanguage":"de","@id":"https:\/\/boeselager-realschule.de\/?page_id=9996#primaryimage","url":"https:\/\/boeselager-realschule.de\/wp-content\/uploads\/2023\/01\/Termine.jpg","contentUrl":"https:\/\/boeselager-realschule.de\/wp-content\/uploads\/2023\/01\/Termine.jpg","width":1094,"height":420},{"@type":"BreadcrumbList","@id":"https:\/\/boeselager-realschule.de\/?page_id=9996#breadcrumb","itemListElement":[{"@type":"ListItem","position":1,"name":"Startseite","item":"https:\/\/boeselager-realschule.de\/"},{"@type":"ListItem","position":2,"name":"Unsere Schule"}]},{"@type":"WebSite","@id":"https:\/\/boeselager-realschule.de\/#website","url":"https:\/\/boeselager-realschule.de\/","name":"Philipp Freiherr von Boeselager Realschule plus Ahrweiler","description":"","publisher":{"@id":"https:\/\/boeselager-realschule.de\/#organization"},"potentialAction":[{"@type":"SearchAction","target":{"@type":"EntryPoint","urlTemplate":"https:\/\/boeselager-realschule.de\/?s={search_term_string}"},"query-input":{"@type":"PropertyValueSpecification","valueRequired":true,"valueName":"search_term_string"}}],"inLanguage":"de"},{"@type":"Organization","@id":"https:\/\/boeselager-realschule.de\/#organization","name":"Philipp Freiherr von Boeselager Realschule plus Ahrweiler","url":"https:\/\/boeselager-realschule.de\/","logo":{"@type":"ImageObject","inLanguage":"de","@id":"https:\/\/boeselager-realschule.de\/#\/schema\/logo\/image\/","url":"https:\/\/boeselager-realschule.de\/wp-content\/uploads\/2025\/02\/logo_280-gif.gif","contentUrl":"https:\/\/boeselager-realschule.de\/wp-content\/uploads\/2025\/02\/logo_280-gif.gif","width":280,"height":226,"caption":"Philipp Freiherr von Boeselager Realschule plus Ahrweiler"},"image":{"@id":"https:\/\/boeselager-realschule.de\/#\/schema\/logo\/image\/"},"sameAs":["https:\/\/www.facebook.com\/rsplus"]}]}},"_links":{"self":[{"href":"https:\/\/boeselager-realschule.de\/index.php?rest_route=\/wp\/v2\/pages\/9996","targetHints":{"allow":["GET"]}}],"collection":[{"href":"https:\/\/boeselager-realschule.de\/index.php?rest_route=\/wp\/v2\/pages"}],"about":[{"href":"https:\/\/boeselager-realschule.de\/index.php?rest_route=\/wp\/v2\/types\/page"}],"author":[{"embeddable":true,"href":"https:\/\/boeselager-realschule.de\/index.php?rest_route=\/wp\/v2\/users\/5"}],"replies":[{"embeddable":true,"href":"https:\/\/boeselager-realschule.de\/index.php?rest_route=%2Fwp%2Fv2%2Fcomments&post=9996"}],"version-history":[{"count":76,"href":"https:\/\/boeselager-realschule.de\/index.php?rest_route=\/wp\/v2\/pages\/9996\/revisions"}],"predecessor-version":[{"id":13039,"href":"https:\/\/boeselager-realschule.de\/index.php?rest_route=\/wp\/v2\/pages\/9996\/revisions\/13039"}],"wp:attachment":[{"href":"https:\/\/boeselager-realschule.de\/index.php?rest_route=%2Fwp%2Fv2%2Fmedia&parent=9996"}],"curies":[{"name":"wp","href":"https:\/\/api.w.org\/{rel}","templated":true}]}}