{"id":9536,"date":"2020-03-15T17:04:21","date_gmt":"2020-03-15T16:04:21","guid":{"rendered":"https:\/\/boeselager-realschule.de\/?page_id=9536"},"modified":"2020-03-15T17:12:05","modified_gmt":"2020-03-15T16:12:05","slug":"dienst-mail-am-android-geraet","status":"publish","type":"page","link":"https:\/\/boeselager-realschule.de\/?page_id=9536","title":{"rendered":"Dienst-Mail @Android"},"content":{"rendered":"<p><strong>Wie bekommst du deine dienstlichen E-Mails auf dein Android-Smartphone oder Android-Tablet?&nbsp;<\/strong><\/p>\n<div class=\"box760\">\n<div class=\"box760-content\">\n<div>1. \u00d6ffne die App<strong> &#8220;GMail<\/strong>&#8221; bzw. einen anderen E-Mail-Client, mit dem du bisher die Mails auf deinem Smartphone\/Tablet abrufst.<\/div>\n<div>&nbsp;<\/div>\n<div>2. Gehe dort auf den Men\u00fcpunkt &#8220;<strong>Weiteres Konto hinzuf\u00fcgen<\/strong>&#8221; und klicke auf &#8220;<strong>E-Mail einrichten<\/strong>&#8220;.<\/div>\n<div>&nbsp;<\/div>\n<div>3. W\u00e4hle als n\u00e4chsten Schritt den letzten Punkt &#8220;<strong>Sonstige<\/strong>&#8221; oder &#8220;<strong>Manuelles Setup&#8221;<\/strong>.<\/div>\n<div>&nbsp;<\/div>\n<div>\n<p>4. Trage dort deine E-Mail-Adresse &#8220;<strong>Name@boeselager-realschule.de<\/strong>&#8221; sowie das zugeh\u00f6rige Passwort, das du dir f\u00fcr die Dienst-Mail gegeben hast, in die entsprechenden Felder ein.<\/p>\n<\/div>\n<div>&nbsp;<\/div>\n<div><img loading=\"lazy\" decoding=\"async\" class=\"aligncenter\" src=\"https:\/\/all-inkl.com\/img\/anleitungen\/6915_de.gif\" alt=\"Samsung Galaxy S7 Edge - E-Mail-Konto (IMAP) einrichten, Bild 1\" width=\"399\" height=\"527\"\/><\/div>\n<p>5. Klicke anschlie\u00dfend auf &#8220;<strong>Weiter&#8221; oder &#8220;Manuelles Setup&#8221;.<\/strong><\/p>\n<p>6. W\u00e4hle &#8220;<strong>IMAP-Konto&#8221;<\/strong> als Kontotyp aus.<\/p>\n<\/div>\n<div>&nbsp;<\/div>\n<\/div>\n<div class=\"box760\">\n<div class=\"box760-content\">\n<div><img loading=\"lazy\" decoding=\"async\" class=\"aligncenter\" src=\"https:\/\/all-inkl.com\/img\/anleitungen\/6917_de.gif\" alt=\"Samsung Galaxy S7 Edge - E-Mail-Konto (IMAP) einrichten, Bild 2\" width=\"350\" height=\"621\"\/><\/div>\n<\/div>\n<div class=\"box760-footer\">7. Trage als <strong>Benutzernamen<\/strong> deine E-Mail-Adresse &#8220;<strong>Name@boeselager-realschule.de<\/strong>&#8221; und unter <strong>Passwort <\/strong>deren Passwort ein.<\/div>\n<div>&nbsp;<\/div>\n<div class=\"box760-footer\">8. Scrolle danach bei deinem Smartphone nach unten, um die <strong>weiteren Einstellungen<\/strong>&nbsp; des manuellen Setups zu erreichen.<\/div>\n<div>&nbsp;<\/div>\n<\/div>\n<div class=\"box760\">\n<div class=\"box760-content\">\n<div><img loading=\"lazy\" decoding=\"async\" class=\"aligncenter\" src=\"https:\/\/all-inkl.com\/img\/anleitungen\/6919_de.png\" alt=\"Samsung Galaxy S7 Edge - E-Mail-Konto (IMAP) einrichten, Bild 3\" width=\"401\" height=\"528\"\/><\/div>\n<\/div>\n<div class=\"box760-footer\">&nbsp;<\/div>\n<\/div>\n<div class=\"box760\">\n<div class=\"box760-content\">\n<p>9. Als<strong>&nbsp;IMAP-Server&nbsp;<\/strong>verwende bitte &#8220;w00&#8230;xyz.kasserver.com&#8221;. <strong>Achtung<\/strong>: Hinter dem &#8220;w&#8221; stehen zwei Nullen &#8211; &#8220;kasserver&#8221; mit zwei &#8220;s&#8221;&#8230;<\/p>\n<p>Den richtigen IMAP-Server-Namen &#8220;<strong>w00&#8230;xyz<\/strong>&#8221; findest du, wenn du in deinem <a href=\"https:\/\/webmail.all-inkl.com\/\" target=\"_blank\" rel=\"noopener noreferrer\"><strong>Webmail-Account<\/strong><\/a> eingeloggt bist, unter Einstellung oben rechts:<\/p>\n<p>&nbsp;<\/p>\n<p><img loading=\"lazy\" decoding=\"async\" class=\"aligncenter wp-image-9524 \" src=\"https:\/\/boeselager-realschule.de\/wp-content\/uploads\/2020\/03\/datenemail4.jpg\" alt=\"\" width=\"400\" height=\"355\" srcset=\"https:\/\/boeselager-realschule.de\/wp-content\/uploads\/2020\/03\/datenemail4.jpg 537w, https:\/\/boeselager-realschule.de\/wp-content\/uploads\/2020\/03\/datenemail4-300x266.jpg 300w\" sizes=\"auto, (max-width: 400px) 100vw, 400px\" \/><\/p>\n<p>Falls du gefragt wirst: Als <strong>Sicherheitstyp&nbsp;<\/strong>verwende bitte <strong>TLS<\/strong>, der&nbsp;<strong>Port&nbsp;<\/strong>bleibt&nbsp;<strong>143<\/strong>.<\/p>\n<p>10. Scrolle auf deinem Smartphone weiter nach unten, um den <strong>Ausgangsserver<\/strong> oder auch SMTP-Server einzustellen.<\/p>\n<h4>&nbsp;<\/h4>\n<h4><img loading=\"lazy\" decoding=\"async\" class=\"aligncenter\" src=\"https:\/\/all-inkl.com\/img\/anleitungen\/6921_de.png\" alt=\"Samsung Galaxy S7 Edge - E-Mail-Konto (IMAP) einrichten, Bild 4\" width=\"401\" height=\"444\"\/><\/h4>\n<p>&nbsp;<\/p>\n<\/div>\n<div class=\"box760-footer\">\n<p>Als&nbsp;<strong>SMTP-Server<\/strong> (<strong>Ausgangsserver<\/strong>) verwende die gleiche Adresse wie f\u00fcr den IMAP-Server: &#8220;w00&#8230;xyz.kasserver.com&#8221;<\/p>\n<p>Falls du gefragt wirst: W\u00e4hle <strong>TLS&nbsp;<\/strong>bei&nbsp;Sicherheitstyp, den&nbsp;Port&nbsp;stelle auf <strong>587<\/strong>.<\/p>\n<p>&nbsp;<\/p>\n<p>8. Aktiviere die Option &#8220;<strong>Anmeldung vor Senden von E-Mails erforderlich&#8221;<\/strong> und trage den <strong>Benutzernamen&nbsp;<\/strong>und das<strong>&nbsp;Passwort&nbsp;<\/strong>deiner E-Mail-Adresse ein.<\/p>\n<\/div>\n<\/div>\n<div class=\"box760\">\n<div class=\"box760-content\">\n<div><img decoding=\"async\" class=\"aligncenter\" src=\"https:\/\/all-inkl.com\/img\/anleitungen\/6923_de.png\" alt=\"Samsung Galaxy S7 Edge - E-Mail-Konto (IMAP) einrichten, Bild 5\"\/><\/div>\n<p>&nbsp;<\/p>\n<p>9. Zum Schluss tippe auf&nbsp; <strong>&#8220;ANMELDEN&#8221;<\/strong>.<\/p>\n<p>Weitere Anleitung rund um die Dienstmail findest du bei <a href=\"https:\/\/all-inkl.com\/wichtig\/anleitungen\/\" target=\"_blank\" rel=\"noopener noreferrer\"><strong>&#8211;&gt; Allinkl.com<\/strong><\/a><\/p>\n<p>&nbsp;<\/p>\n<\/div>\n<p>Bei Fragen oder Problemen k\u00f6nnt ihr euch an breuer@boeselager-realschule.de wenden oder mich \u00fcber alle anderen bekannten Kommunikationswege kontaktieren\u2026<\/p>\n<p style=\"text-align: right;\"><strong>Viel Erfolg!<\/strong><br \/>\n<strong>RB<\/strong><\/p>\n<\/div>\n","protected":false},"excerpt":{"rendered":"<p>Wie bekommst du deine dienstlichen E-Mails auf dein Android-Smartphone oder Android-Tablet?&nbsp; 1. \u00d6ffne die App &#8220;GMail&#8221; bzw. einen anderen E-Mail-Client, mit dem du bisher die Mails auf deinem Smartphone\/Tablet abrufst. &nbsp; 2. Gehe dort auf den Men\u00fcpunkt &#8220;Weiteres Konto hinzuf\u00fcgen&#8221; und klicke auf &#8220;E-Mail einrichten&#8220;. &nbsp; 3. W\u00e4hle als n\u00e4chsten Schritt den letzten Punkt &#8220;Sonstige&#8221; [&hellip;]<\/p>\n","protected":false},"author":5,"featured_media":0,"parent":9489,"menu_order":30,"comment_status":"closed","ping_status":"closed","template":"","meta":{"ngg_post_thumbnail":0,"footnotes":""},"class_list":["post-9536","page","type-page","status-publish","hentry"],"yoast_head":"<!-- This site is optimized with the Yoast SEO plugin v27.3 - https:\/\/yoast.com\/product\/yoast-seo-wordpress\/ -->\n<title>Dienst-Mail @Android &#183; Philipp Freiherr von Boeselager Realschule plus Ahrweiler<\/title>\n<meta name=\"description\" content=\"Realschule plus, Ahrweiler, Boeselager Realschule, individuelle F\u00f6rderung, Wahlpflichtf\u00e4cher, internationale Partnerschaften, Arbeitsgemeinschaften, Bildung, Schulgemeinschaft\" \/>\n<meta name=\"robots\" content=\"index, follow, max-snippet:-1, max-image-preview:large, max-video-preview:-1\" \/>\n<link rel=\"canonical\" href=\"https:\/\/boeselager-realschule.de\/?page_id=9536\" \/>\n<meta property=\"og:locale\" content=\"de_DE\" \/>\n<meta property=\"og:type\" content=\"article\" \/>\n<meta property=\"og:title\" content=\"Dienst-Mail @Android &#183; Philipp Freiherr von Boeselager Realschule plus Ahrweiler\" \/>\n<meta property=\"og:description\" content=\"Realschule plus, Ahrweiler, Boeselager Realschule, individuelle F\u00f6rderung, Wahlpflichtf\u00e4cher, internationale Partnerschaften, Arbeitsgemeinschaften, Bildung, Schulgemeinschaft\" \/>\n<meta property=\"og:url\" content=\"https:\/\/boeselager-realschule.de\/?page_id=9536\" \/>\n<meta property=\"og:site_name\" content=\"Philipp Freiherr von Boeselager Realschule plus Ahrweiler\" \/>\n<meta property=\"article:publisher\" content=\"https:\/\/www.facebook.com\/rsplus\" \/>\n<meta property=\"article:modified_time\" content=\"2020-03-15T16:12:05+00:00\" \/>\n<meta property=\"og:image\" content=\"https:\/\/all-inkl.com\/img\/anleitungen\/6915_de.gif\" \/>\n<meta name=\"twitter:card\" content=\"summary_large_image\" \/>\n<meta name=\"twitter:label1\" content=\"Gesch\u00e4tzte Lesezeit\" \/>\n\t<meta name=\"twitter:data1\" content=\"2\u00a0Minuten\" \/>\n<script type=\"application\/ld+json\" class=\"yoast-schema-graph\">{\"@context\":\"https:\\\/\\\/schema.org\",\"@graph\":[{\"@type\":\"WebPage\",\"@id\":\"https:\\\/\\\/boeselager-realschule.de\\\/?page_id=9536\",\"url\":\"https:\\\/\\\/boeselager-realschule.de\\\/?page_id=9536\",\"name\":\"Dienst-Mail @Android &#183; Philipp Freiherr von Boeselager Realschule plus Ahrweiler\",\"isPartOf\":{\"@id\":\"https:\\\/\\\/boeselager-realschule.de\\\/#website\"},\"primaryImageOfPage\":{\"@id\":\"https:\\\/\\\/boeselager-realschule.de\\\/?page_id=9536#primaryimage\"},\"image\":{\"@id\":\"https:\\\/\\\/boeselager-realschule.de\\\/?page_id=9536#primaryimage\"},\"thumbnailUrl\":\"https:\\\/\\\/all-inkl.com\\\/img\\\/anleitungen\\\/6915_de.gif\",\"datePublished\":\"2020-03-15T16:04:21+00:00\",\"dateModified\":\"2020-03-15T16:12:05+00:00\",\"description\":\"Realschule plus, Ahrweiler, Boeselager Realschule, individuelle F\u00f6rderung, Wahlpflichtf\u00e4cher, internationale Partnerschaften, Arbeitsgemeinschaften, Bildung, Schulgemeinschaft\",\"breadcrumb\":{\"@id\":\"https:\\\/\\\/boeselager-realschule.de\\\/?page_id=9536#breadcrumb\"},\"inLanguage\":\"de\",\"potentialAction\":[{\"@type\":\"ReadAction\",\"target\":[\"https:\\\/\\\/boeselager-realschule.de\\\/?page_id=9536\"]}]},{\"@type\":\"ImageObject\",\"inLanguage\":\"de\",\"@id\":\"https:\\\/\\\/boeselager-realschule.de\\\/?page_id=9536#primaryimage\",\"url\":\"https:\\\/\\\/all-inkl.com\\\/img\\\/anleitungen\\\/6915_de.gif\",\"contentUrl\":\"https:\\\/\\\/all-inkl.com\\\/img\\\/anleitungen\\\/6915_de.gif\"},{\"@type\":\"BreadcrumbList\",\"@id\":\"https:\\\/\\\/boeselager-realschule.de\\\/?page_id=9536#breadcrumb\",\"itemListElement\":[{\"@type\":\"ListItem\",\"position\":1,\"name\":\"Startseite\",\"item\":\"https:\\\/\\\/boeselager-realschule.de\\\/\"},{\"@type\":\"ListItem\",\"position\":2,\"name\":\"Intern\",\"item\":\"https:\\\/\\\/boeselager-realschule.de\\\/?page_id=9489\"},{\"@type\":\"ListItem\",\"position\":3,\"name\":\"Dienst-Mail @Android\"}]},{\"@type\":\"WebSite\",\"@id\":\"https:\\\/\\\/boeselager-realschule.de\\\/#website\",\"url\":\"https:\\\/\\\/boeselager-realschule.de\\\/\",\"name\":\"Philipp Freiherr von Boeselager Realschule plus Ahrweiler\",\"description\":\"\",\"publisher\":{\"@id\":\"https:\\\/\\\/boeselager-realschule.de\\\/#organization\"},\"potentialAction\":[{\"@type\":\"SearchAction\",\"target\":{\"@type\":\"EntryPoint\",\"urlTemplate\":\"https:\\\/\\\/boeselager-realschule.de\\\/?s={search_term_string}\"},\"query-input\":{\"@type\":\"PropertyValueSpecification\",\"valueRequired\":true,\"valueName\":\"search_term_string\"}}],\"inLanguage\":\"de\"},{\"@type\":\"Organization\",\"@id\":\"https:\\\/\\\/boeselager-realschule.de\\\/#organization\",\"name\":\"Philipp Freiherr von Boeselager Realschule plus Ahrweiler\",\"url\":\"https:\\\/\\\/boeselager-realschule.de\\\/\",\"logo\":{\"@type\":\"ImageObject\",\"inLanguage\":\"de\",\"@id\":\"https:\\\/\\\/boeselager-realschule.de\\\/#\\\/schema\\\/logo\\\/image\\\/\",\"url\":\"https:\\\/\\\/boeselager-realschule.de\\\/wp-content\\\/uploads\\\/2025\\\/02\\\/logo_280-gif.gif\",\"contentUrl\":\"https:\\\/\\\/boeselager-realschule.de\\\/wp-content\\\/uploads\\\/2025\\\/02\\\/logo_280-gif.gif\",\"width\":280,\"height\":226,\"caption\":\"Philipp Freiherr von Boeselager Realschule plus Ahrweiler\"},\"image\":{\"@id\":\"https:\\\/\\\/boeselager-realschule.de\\\/#\\\/schema\\\/logo\\\/image\\\/\"},\"sameAs\":[\"https:\\\/\\\/www.facebook.com\\\/rsplus\"]}]}<\/script>\n<!-- \/ Yoast SEO plugin. -->","yoast_head_json":{"title":"Dienst-Mail @Android &#183; Philipp Freiherr von Boeselager Realschule plus Ahrweiler","description":"Realschule plus, Ahrweiler, Boeselager Realschule, individuelle F\u00f6rderung, Wahlpflichtf\u00e4cher, internationale Partnerschaften, Arbeitsgemeinschaften, Bildung, Schulgemeinschaft","robots":{"index":"index","follow":"follow","max-snippet":"max-snippet:-1","max-image-preview":"max-image-preview:large","max-video-preview":"max-video-preview:-1"},"canonical":"https:\/\/boeselager-realschule.de\/?page_id=9536","og_locale":"de_DE","og_type":"article","og_title":"Dienst-Mail @Android &#183; Philipp Freiherr von Boeselager Realschule plus Ahrweiler","og_description":"Realschule plus, Ahrweiler, Boeselager Realschule, individuelle F\u00f6rderung, Wahlpflichtf\u00e4cher, internationale Partnerschaften, Arbeitsgemeinschaften, Bildung, Schulgemeinschaft","og_url":"https:\/\/boeselager-realschule.de\/?page_id=9536","og_site_name":"Philipp Freiherr von Boeselager Realschule plus Ahrweiler","article_publisher":"https:\/\/www.facebook.com\/rsplus","article_modified_time":"2020-03-15T16:12:05+00:00","og_image":[{"url":"https:\/\/all-inkl.com\/img\/anleitungen\/6915_de.gif","type":"","width":"","height":""}],"twitter_card":"summary_large_image","twitter_misc":{"Gesch\u00e4tzte Lesezeit":"2\u00a0Minuten"},"schema":{"@context":"https:\/\/schema.org","@graph":[{"@type":"WebPage","@id":"https:\/\/boeselager-realschule.de\/?page_id=9536","url":"https:\/\/boeselager-realschule.de\/?page_id=9536","name":"Dienst-Mail @Android &#183; Philipp Freiherr von Boeselager Realschule plus Ahrweiler","isPartOf":{"@id":"https:\/\/boeselager-realschule.de\/#website"},"primaryImageOfPage":{"@id":"https:\/\/boeselager-realschule.de\/?page_id=9536#primaryimage"},"image":{"@id":"https:\/\/boeselager-realschule.de\/?page_id=9536#primaryimage"},"thumbnailUrl":"https:\/\/all-inkl.com\/img\/anleitungen\/6915_de.gif","datePublished":"2020-03-15T16:04:21+00:00","dateModified":"2020-03-15T16:12:05+00:00","description":"Realschule plus, Ahrweiler, Boeselager Realschule, individuelle F\u00f6rderung, Wahlpflichtf\u00e4cher, internationale Partnerschaften, Arbeitsgemeinschaften, Bildung, Schulgemeinschaft","breadcrumb":{"@id":"https:\/\/boeselager-realschule.de\/?page_id=9536#breadcrumb"},"inLanguage":"de","potentialAction":[{"@type":"ReadAction","target":["https:\/\/boeselager-realschule.de\/?page_id=9536"]}]},{"@type":"ImageObject","inLanguage":"de","@id":"https:\/\/boeselager-realschule.de\/?page_id=9536#primaryimage","url":"https:\/\/all-inkl.com\/img\/anleitungen\/6915_de.gif","contentUrl":"https:\/\/all-inkl.com\/img\/anleitungen\/6915_de.gif"},{"@type":"BreadcrumbList","@id":"https:\/\/boeselager-realschule.de\/?page_id=9536#breadcrumb","itemListElement":[{"@type":"ListItem","position":1,"name":"Startseite","item":"https:\/\/boeselager-realschule.de\/"},{"@type":"ListItem","position":2,"name":"Intern","item":"https:\/\/boeselager-realschule.de\/?page_id=9489"},{"@type":"ListItem","position":3,"name":"Dienst-Mail @Android"}]},{"@type":"WebSite","@id":"https:\/\/boeselager-realschule.de\/#website","url":"https:\/\/boeselager-realschule.de\/","name":"Philipp Freiherr von Boeselager Realschule plus Ahrweiler","description":"","publisher":{"@id":"https:\/\/boeselager-realschule.de\/#organization"},"potentialAction":[{"@type":"SearchAction","target":{"@type":"EntryPoint","urlTemplate":"https:\/\/boeselager-realschule.de\/?s={search_term_string}"},"query-input":{"@type":"PropertyValueSpecification","valueRequired":true,"valueName":"search_term_string"}}],"inLanguage":"de"},{"@type":"Organization","@id":"https:\/\/boeselager-realschule.de\/#organization","name":"Philipp Freiherr von Boeselager Realschule plus Ahrweiler","url":"https:\/\/boeselager-realschule.de\/","logo":{"@type":"ImageObject","inLanguage":"de","@id":"https:\/\/boeselager-realschule.de\/#\/schema\/logo\/image\/","url":"https:\/\/boeselager-realschule.de\/wp-content\/uploads\/2025\/02\/logo_280-gif.gif","contentUrl":"https:\/\/boeselager-realschule.de\/wp-content\/uploads\/2025\/02\/logo_280-gif.gif","width":280,"height":226,"caption":"Philipp Freiherr von Boeselager Realschule plus Ahrweiler"},"image":{"@id":"https:\/\/boeselager-realschule.de\/#\/schema\/logo\/image\/"},"sameAs":["https:\/\/www.facebook.com\/rsplus"]}]}},"_links":{"self":[{"href":"https:\/\/boeselager-realschule.de\/index.php?rest_route=\/wp\/v2\/pages\/9536","targetHints":{"allow":["GET"]}}],"collection":[{"href":"https:\/\/boeselager-realschule.de\/index.php?rest_route=\/wp\/v2\/pages"}],"about":[{"href":"https:\/\/boeselager-realschule.de\/index.php?rest_route=\/wp\/v2\/types\/page"}],"author":[{"embeddable":true,"href":"https:\/\/boeselager-realschule.de\/index.php?rest_route=\/wp\/v2\/users\/5"}],"replies":[{"embeddable":true,"href":"https:\/\/boeselager-realschule.de\/index.php?rest_route=%2Fwp%2Fv2%2Fcomments&post=9536"}],"version-history":[{"count":0,"href":"https:\/\/boeselager-realschule.de\/index.php?rest_route=\/wp\/v2\/pages\/9536\/revisions"}],"up":[{"embeddable":true,"href":"https:\/\/boeselager-realschule.de\/index.php?rest_route=\/wp\/v2\/pages\/9489"}],"wp:attachment":[{"href":"https:\/\/boeselager-realschule.de\/index.php?rest_route=%2Fwp%2Fv2%2Fmedia&parent=9536"}],"curies":[{"name":"wp","href":"https:\/\/api.w.org\/{rel}","templated":true}]}}