{"id":9518,"date":"2020-03-15T14:24:15","date_gmt":"2020-03-15T13:24:15","guid":{"rendered":"https:\/\/boeselager-realschule.de\/?page_id=9518"},"modified":"2020-03-15T17:10:08","modified_gmt":"2020-03-15T16:10:08","slug":"dienst-e-mail-adresse-am-iphone-ipad-einrichten","status":"publish","type":"page","link":"https:\/\/boeselager-realschule.de\/?page_id=9518","title":{"rendered":"Dienst-Mail am iPhone\/iPad"},"content":{"rendered":"<p style=\"text-align: center;\"><strong>Wie bekommst du deine dienstlichen E-Mails auf dein iPhone oder iPad?&nbsp;<\/strong><\/p>\n<div class=\"box760-content\">1. Tippe auf dem Hauptbildschirm deines iPhones bzw. iPads auf das Icon &#8220;<strong>Einstellungen<\/strong>&#8220;.<\/div>\n<p><img loading=\"lazy\" decoding=\"async\" class=\"aligncenter\" src=\"https:\/\/all-inkl.com\/img\/anleitungen\/9976_de.jpg\" alt=\"iPhone und iPad - E-Mail-Konto einrichten, Bild 1\" width=\"85\" height=\"87\"\/><\/p>\n<p>&nbsp;<\/p>\n<p>2. W\u00e4hle &#8220;<strong>Passw\u00f6rter &amp; Accounts<\/strong>&#8220;.<\/p>\n<div class=\"box760-content\">\n<div><img loading=\"lazy\" decoding=\"async\" class=\"aligncenter\" src=\"https:\/\/all-inkl.com\/img\/anleitungen\/9988_de.png\" alt=\"iPhone und iPad - E-Mail-Konto einrichten\" width=\"400\" height=\"315\"\/><\/div>\n<\/div>\n<div>&nbsp;<\/div>\n<div>3. Tippe auf &#8220;<strong>Account hinzuf\u00fcgen<\/strong>&#8220;.<\/div>\n<div class=\"box760-footer\">&nbsp;<\/div>\n<div class=\"box760-content\">\n<div><img loading=\"lazy\" decoding=\"async\" class=\"aligncenter\" src=\"https:\/\/all-inkl.com\/img\/anleitungen\/9990_de.png\" alt=\"iPhone und iPad - E-Mail-Konto einrichten, Bild 3\" width=\"401\" height=\"421\"\/><\/div>\n<\/div>\n<div>&nbsp;<\/div>\n<div>&nbsp;<\/div>\n<div class=\"box760-footer\">4. W\u00e4hle jetzt die Schaltfl\u00e4che &#8220;<strong>Andere<\/strong>&#8220;.<\/div>\n<div class=\"box760-content\">\n<div><img loading=\"lazy\" decoding=\"async\" class=\"aligncenter\" src=\"https:\/\/all-inkl.com\/img\/anleitungen\/9992_de.png\" alt=\"iPhone und iPad - E-Mail-Konto einrichten, Bild 4\" width=\"399\" height=\"575\"\/><\/div>\n<p>&nbsp;<\/p>\n<p>5. Tippe auf &#8220;<strong>Mail-Account hinzuf\u00fcgen<\/strong>&#8220;.<\/p>\n<\/div>\n<div class=\"box760-footer\">&nbsp;<\/div>\n<div class=\"box760-content\">\n<div><img loading=\"lazy\" decoding=\"async\" class=\"aligncenter\" src=\"https:\/\/all-inkl.com\/img\/anleitungen\/9994_de.png\" alt=\"iPhone und iPad - E-Mail-Konto einrichten, Bild 5\" width=\"398\" height=\"455\"\/><\/div>\n<div>&nbsp;<\/div>\n<div>&nbsp;<\/div>\n<div>6. Gib nun die entsprechenden Daten in die daf\u00fcr vorgesehenen Eingabefelder ein und tippe anschlie\u00dfend auf &#8220;<strong>Weiter<\/strong>&#8220;.<\/div>\n<div>&nbsp;<\/div>\n<\/div>\n<div class=\"box760-content\">\n<div><img loading=\"lazy\" decoding=\"async\" class=\"aligncenter wp-image-9522\" src=\"https:\/\/boeselager-realschule.de\/wp-content\/uploads\/2020\/03\/datenemail1.jpg\" alt=\"\" width=\"400\" height=\"317\" srcset=\"https:\/\/boeselager-realschule.de\/wp-content\/uploads\/2020\/03\/datenemail1.jpg 550w, https:\/\/boeselager-realschule.de\/wp-content\/uploads\/2020\/03\/datenemail1-300x238.jpg 300w\" sizes=\"auto, (max-width: 400px) 100vw, 400px\" \/><\/div>\n<div>&nbsp;<\/div>\n<\/div>\n<div class=\"box760-content\">\n<div>&nbsp;<\/div>\n<div>7. Auf dieser Seite w\u00e4hle das Mailprotokoll &#8220;<strong>IMAP<\/strong>&#8221; aus.<\/div>\n<div>&nbsp;<\/div>\n<div><img loading=\"lazy\" decoding=\"async\" class=\"aligncenter wp-image-9521\" src=\"https:\/\/boeselager-realschule.de\/wp-content\/uploads\/2020\/03\/datenemail2.jpg\" alt=\"\" width=\"401\" height=\"389\" srcset=\"https:\/\/boeselager-realschule.de\/wp-content\/uploads\/2020\/03\/datenemail2.jpg 550w, https:\/\/boeselager-realschule.de\/wp-content\/uploads\/2020\/03\/datenemail2-300x291.jpg 300w\" sizes=\"auto, (max-width: 401px) 100vw, 401px\" \/><\/div>\n<div>&nbsp;<\/div>\n<\/div>\n<div class=\"box760-content\">\n<p>&nbsp;<\/p>\n<p>8. Nimm jetzt die <strong>Einstellungen des Servers f\u00fcr eintreffende E-Mails<\/strong> und des <strong>Servers f\u00fcr ausgehende E-Mails<\/strong> vor.&nbsp;<\/p>\n<ul>\n<li>Verwende als <strong>Hostname<\/strong> den &#8220;w00&#8230;xyz.kasserver.com&#8221;. Achtung: Hinter dem &#8220;w&#8221; stehen zwei Nullen &#8211; &#8220;kasserver&#8221; mit zwei &#8220;s&#8221;&#8230;<br \/>\nDen Hostname &#8220;w00&#8230;xyz&#8221; findest du, wenn du in deinem <a href=\"https:\/\/webmail.all-inkl.com\/\" target=\"_blank\" rel=\"noopener noreferrer\">Webmail-Account<\/a> eingeloggt bist, unter Einstellung oben rechts:<\/li>\n<\/ul>\n<p>&nbsp;<\/p>\n<p><img loading=\"lazy\" decoding=\"async\" class=\"aligncenter wp-image-9524 \" src=\"https:\/\/boeselager-realschule.de\/wp-content\/uploads\/2020\/03\/datenemail4.jpg\" alt=\"\" width=\"400\" height=\"355\" srcset=\"https:\/\/boeselager-realschule.de\/wp-content\/uploads\/2020\/03\/datenemail4.jpg 537w, https:\/\/boeselager-realschule.de\/wp-content\/uploads\/2020\/03\/datenemail4-300x266.jpg 300w\" sizes=\"auto, (max-width: 400px) 100vw, 400px\" \/><\/p>\n<ul>\n<li>Unter <strong>Benutzername<\/strong> tr\u00e4gst du deine <strong>E-Mail-Adresse<\/strong> ein und unter Passwort dein <strong>Passwort<\/strong> f\u00fcr die E-Mail-Adresse.<\/li>\n<\/ul>\n<p><img loading=\"lazy\" decoding=\"async\" class=\"aligncenter wp-image-9525 \" src=\"https:\/\/boeselager-realschule.de\/wp-content\/uploads\/2020\/03\/datenemail3.jpg\" alt=\"\" width=\"401\" height=\"596\" srcset=\"https:\/\/boeselager-realschule.de\/wp-content\/uploads\/2020\/03\/datenemail3.jpg 550w, https:\/\/boeselager-realschule.de\/wp-content\/uploads\/2020\/03\/datenemail3-202x300.jpg 202w\" sizes=\"auto, (max-width: 401px) 100vw, 401px\" \/><\/p>\n<div>&nbsp;<\/div>\n<\/div>\n<div class=\"box760-content\">\n<div>\n<p>9. Tippe zum Abschluss auf &#8220;<strong>Sichern<\/strong>&#8220;.<\/p>\n<\/div>\n<\/div>\n<div class=\"box760\">\n<div><img loading=\"lazy\" decoding=\"async\" class=\"aligncenter\" src=\"https:\/\/all-inkl.com\/img\/anleitungen\/9980_de.png\" alt=\"iPhone und iPad - E-Mail-Konto einrichten, Bild 10\" width=\"401\" height=\"179\"\/><\/div>\n<p>Weitere Anleitung rund um die Dienstmail findest du bei <a href=\"https:\/\/all-inkl.com\/wichtig\/anleitungen\/\" target=\"_blank\" rel=\"noopener noreferrer\">&#8212;<strong>&gt; Allinkl.com<\/strong><\/a><\/p>\n<p><em>Bei Fragen oder Problemen k\u00f6nnt ihr euch an breuer@boeselager-realschule.de wenden oder mich \u00fcber alle anderen bekannten Kommunikationswege kontaktieren\u2026<\/em><\/p>\n<p style=\"text-align: right;\"><strong>Viel Erfolg!<\/strong><br \/>\n<strong>RB<\/strong><\/p>\n<\/div>\n","protected":false},"excerpt":{"rendered":"<p>Wie bekommst du deine dienstlichen E-Mails auf dein iPhone oder iPad?&nbsp; 1. Tippe auf dem Hauptbildschirm deines iPhones bzw. iPads auf das Icon &#8220;Einstellungen&#8220;. &nbsp; 2. W\u00e4hle &#8220;Passw\u00f6rter &amp; Accounts&#8220;. &nbsp; 3. Tippe auf &#8220;Account hinzuf\u00fcgen&#8220;. &nbsp; &nbsp; &nbsp; 4. W\u00e4hle jetzt die Schaltfl\u00e4che &#8220;Andere&#8220;. &nbsp; 5. Tippe auf &#8220;Mail-Account hinzuf\u00fcgen&#8220;. &nbsp; &nbsp; &nbsp; 6. [&hellip;]<\/p>\n","protected":false},"author":5,"featured_media":0,"parent":9489,"menu_order":20,"comment_status":"closed","ping_status":"closed","template":"","meta":{"ngg_post_thumbnail":0,"footnotes":""},"class_list":["post-9518","page","type-page","status-publish","hentry"],"yoast_head":"<!-- This site is optimized with the Yoast SEO plugin v27.3 - https:\/\/yoast.com\/product\/yoast-seo-wordpress\/ -->\n<title>Dienst-Mail am iPhone\/iPad &#183; Philipp Freiherr von Boeselager Realschule plus Ahrweiler<\/title>\n<meta name=\"description\" content=\"Realschule plus, Ahrweiler, Boeselager Realschule, individuelle F\u00f6rderung, Wahlpflichtf\u00e4cher, internationale Partnerschaften, Arbeitsgemeinschaften, Bildung, Schulgemeinschaft\" \/>\n<meta name=\"robots\" content=\"index, follow, max-snippet:-1, max-image-preview:large, max-video-preview:-1\" \/>\n<link rel=\"canonical\" href=\"https:\/\/boeselager-realschule.de\/?page_id=9518\" \/>\n<meta property=\"og:locale\" content=\"de_DE\" \/>\n<meta property=\"og:type\" content=\"article\" \/>\n<meta property=\"og:title\" content=\"Dienst-Mail am iPhone\/iPad &#183; Philipp Freiherr von Boeselager Realschule plus Ahrweiler\" \/>\n<meta property=\"og:description\" content=\"Realschule plus, Ahrweiler, Boeselager Realschule, individuelle F\u00f6rderung, Wahlpflichtf\u00e4cher, internationale Partnerschaften, Arbeitsgemeinschaften, Bildung, Schulgemeinschaft\" \/>\n<meta property=\"og:url\" content=\"https:\/\/boeselager-realschule.de\/?page_id=9518\" \/>\n<meta property=\"og:site_name\" content=\"Philipp Freiherr von Boeselager Realschule plus Ahrweiler\" \/>\n<meta property=\"article:publisher\" content=\"https:\/\/www.facebook.com\/rsplus\" \/>\n<meta property=\"article:modified_time\" content=\"2020-03-15T16:10:08+00:00\" \/>\n<meta property=\"og:image\" content=\"https:\/\/all-inkl.com\/img\/anleitungen\/9976_de.jpg\" \/>\n<meta name=\"twitter:card\" content=\"summary_large_image\" \/>\n<meta name=\"twitter:label1\" content=\"Gesch\u00e4tzte Lesezeit\" \/>\n\t<meta name=\"twitter:data1\" content=\"1\u00a0Minute\" \/>\n<script type=\"application\/ld+json\" class=\"yoast-schema-graph\">{\"@context\":\"https:\\\/\\\/schema.org\",\"@graph\":[{\"@type\":\"WebPage\",\"@id\":\"https:\\\/\\\/boeselager-realschule.de\\\/?page_id=9518\",\"url\":\"https:\\\/\\\/boeselager-realschule.de\\\/?page_id=9518\",\"name\":\"Dienst-Mail am iPhone\\\/iPad &#183; Philipp Freiherr von Boeselager Realschule plus Ahrweiler\",\"isPartOf\":{\"@id\":\"https:\\\/\\\/boeselager-realschule.de\\\/#website\"},\"primaryImageOfPage\":{\"@id\":\"https:\\\/\\\/boeselager-realschule.de\\\/?page_id=9518#primaryimage\"},\"image\":{\"@id\":\"https:\\\/\\\/boeselager-realschule.de\\\/?page_id=9518#primaryimage\"},\"thumbnailUrl\":\"https:\\\/\\\/all-inkl.com\\\/img\\\/anleitungen\\\/9976_de.jpg\",\"datePublished\":\"2020-03-15T13:24:15+00:00\",\"dateModified\":\"2020-03-15T16:10:08+00:00\",\"description\":\"Realschule plus, Ahrweiler, Boeselager Realschule, individuelle F\u00f6rderung, Wahlpflichtf\u00e4cher, internationale Partnerschaften, Arbeitsgemeinschaften, Bildung, Schulgemeinschaft\",\"breadcrumb\":{\"@id\":\"https:\\\/\\\/boeselager-realschule.de\\\/?page_id=9518#breadcrumb\"},\"inLanguage\":\"de\",\"potentialAction\":[{\"@type\":\"ReadAction\",\"target\":[\"https:\\\/\\\/boeselager-realschule.de\\\/?page_id=9518\"]}]},{\"@type\":\"ImageObject\",\"inLanguage\":\"de\",\"@id\":\"https:\\\/\\\/boeselager-realschule.de\\\/?page_id=9518#primaryimage\",\"url\":\"https:\\\/\\\/all-inkl.com\\\/img\\\/anleitungen\\\/9976_de.jpg\",\"contentUrl\":\"https:\\\/\\\/all-inkl.com\\\/img\\\/anleitungen\\\/9976_de.jpg\"},{\"@type\":\"BreadcrumbList\",\"@id\":\"https:\\\/\\\/boeselager-realschule.de\\\/?page_id=9518#breadcrumb\",\"itemListElement\":[{\"@type\":\"ListItem\",\"position\":1,\"name\":\"Startseite\",\"item\":\"https:\\\/\\\/boeselager-realschule.de\\\/\"},{\"@type\":\"ListItem\",\"position\":2,\"name\":\"Intern\",\"item\":\"https:\\\/\\\/boeselager-realschule.de\\\/?page_id=9489\"},{\"@type\":\"ListItem\",\"position\":3,\"name\":\"Dienst-Mail am iPhone\\\/iPad\"}]},{\"@type\":\"WebSite\",\"@id\":\"https:\\\/\\\/boeselager-realschule.de\\\/#website\",\"url\":\"https:\\\/\\\/boeselager-realschule.de\\\/\",\"name\":\"Philipp Freiherr von Boeselager Realschule plus Ahrweiler\",\"description\":\"\",\"publisher\":{\"@id\":\"https:\\\/\\\/boeselager-realschule.de\\\/#organization\"},\"potentialAction\":[{\"@type\":\"SearchAction\",\"target\":{\"@type\":\"EntryPoint\",\"urlTemplate\":\"https:\\\/\\\/boeselager-realschule.de\\\/?s={search_term_string}\"},\"query-input\":{\"@type\":\"PropertyValueSpecification\",\"valueRequired\":true,\"valueName\":\"search_term_string\"}}],\"inLanguage\":\"de\"},{\"@type\":\"Organization\",\"@id\":\"https:\\\/\\\/boeselager-realschule.de\\\/#organization\",\"name\":\"Philipp Freiherr von Boeselager Realschule plus Ahrweiler\",\"url\":\"https:\\\/\\\/boeselager-realschule.de\\\/\",\"logo\":{\"@type\":\"ImageObject\",\"inLanguage\":\"de\",\"@id\":\"https:\\\/\\\/boeselager-realschule.de\\\/#\\\/schema\\\/logo\\\/image\\\/\",\"url\":\"https:\\\/\\\/boeselager-realschule.de\\\/wp-content\\\/uploads\\\/2025\\\/02\\\/logo_280-gif.gif\",\"contentUrl\":\"https:\\\/\\\/boeselager-realschule.de\\\/wp-content\\\/uploads\\\/2025\\\/02\\\/logo_280-gif.gif\",\"width\":280,\"height\":226,\"caption\":\"Philipp Freiherr von Boeselager Realschule plus Ahrweiler\"},\"image\":{\"@id\":\"https:\\\/\\\/boeselager-realschule.de\\\/#\\\/schema\\\/logo\\\/image\\\/\"},\"sameAs\":[\"https:\\\/\\\/www.facebook.com\\\/rsplus\"]}]}<\/script>\n<!-- \/ Yoast SEO plugin. -->","yoast_head_json":{"title":"Dienst-Mail am iPhone\/iPad &#183; Philipp Freiherr von Boeselager Realschule plus Ahrweiler","description":"Realschule plus, Ahrweiler, Boeselager Realschule, individuelle F\u00f6rderung, Wahlpflichtf\u00e4cher, internationale Partnerschaften, Arbeitsgemeinschaften, Bildung, Schulgemeinschaft","robots":{"index":"index","follow":"follow","max-snippet":"max-snippet:-1","max-image-preview":"max-image-preview:large","max-video-preview":"max-video-preview:-1"},"canonical":"https:\/\/boeselager-realschule.de\/?page_id=9518","og_locale":"de_DE","og_type":"article","og_title":"Dienst-Mail am iPhone\/iPad &#183; Philipp Freiherr von Boeselager Realschule plus Ahrweiler","og_description":"Realschule plus, Ahrweiler, Boeselager Realschule, individuelle F\u00f6rderung, Wahlpflichtf\u00e4cher, internationale Partnerschaften, Arbeitsgemeinschaften, Bildung, Schulgemeinschaft","og_url":"https:\/\/boeselager-realschule.de\/?page_id=9518","og_site_name":"Philipp Freiherr von Boeselager Realschule plus Ahrweiler","article_publisher":"https:\/\/www.facebook.com\/rsplus","article_modified_time":"2020-03-15T16:10:08+00:00","og_image":[{"url":"https:\/\/all-inkl.com\/img\/anleitungen\/9976_de.jpg","type":"","width":"","height":""}],"twitter_card":"summary_large_image","twitter_misc":{"Gesch\u00e4tzte Lesezeit":"1\u00a0Minute"},"schema":{"@context":"https:\/\/schema.org","@graph":[{"@type":"WebPage","@id":"https:\/\/boeselager-realschule.de\/?page_id=9518","url":"https:\/\/boeselager-realschule.de\/?page_id=9518","name":"Dienst-Mail am iPhone\/iPad &#183; Philipp Freiherr von Boeselager Realschule plus Ahrweiler","isPartOf":{"@id":"https:\/\/boeselager-realschule.de\/#website"},"primaryImageOfPage":{"@id":"https:\/\/boeselager-realschule.de\/?page_id=9518#primaryimage"},"image":{"@id":"https:\/\/boeselager-realschule.de\/?page_id=9518#primaryimage"},"thumbnailUrl":"https:\/\/all-inkl.com\/img\/anleitungen\/9976_de.jpg","datePublished":"2020-03-15T13:24:15+00:00","dateModified":"2020-03-15T16:10:08+00:00","description":"Realschule plus, Ahrweiler, Boeselager Realschule, individuelle F\u00f6rderung, Wahlpflichtf\u00e4cher, internationale Partnerschaften, Arbeitsgemeinschaften, Bildung, Schulgemeinschaft","breadcrumb":{"@id":"https:\/\/boeselager-realschule.de\/?page_id=9518#breadcrumb"},"inLanguage":"de","potentialAction":[{"@type":"ReadAction","target":["https:\/\/boeselager-realschule.de\/?page_id=9518"]}]},{"@type":"ImageObject","inLanguage":"de","@id":"https:\/\/boeselager-realschule.de\/?page_id=9518#primaryimage","url":"https:\/\/all-inkl.com\/img\/anleitungen\/9976_de.jpg","contentUrl":"https:\/\/all-inkl.com\/img\/anleitungen\/9976_de.jpg"},{"@type":"BreadcrumbList","@id":"https:\/\/boeselager-realschule.de\/?page_id=9518#breadcrumb","itemListElement":[{"@type":"ListItem","position":1,"name":"Startseite","item":"https:\/\/boeselager-realschule.de\/"},{"@type":"ListItem","position":2,"name":"Intern","item":"https:\/\/boeselager-realschule.de\/?page_id=9489"},{"@type":"ListItem","position":3,"name":"Dienst-Mail am iPhone\/iPad"}]},{"@type":"WebSite","@id":"https:\/\/boeselager-realschule.de\/#website","url":"https:\/\/boeselager-realschule.de\/","name":"Philipp Freiherr von Boeselager Realschule plus Ahrweiler","description":"","publisher":{"@id":"https:\/\/boeselager-realschule.de\/#organization"},"potentialAction":[{"@type":"SearchAction","target":{"@type":"EntryPoint","urlTemplate":"https:\/\/boeselager-realschule.de\/?s={search_term_string}"},"query-input":{"@type":"PropertyValueSpecification","valueRequired":true,"valueName":"search_term_string"}}],"inLanguage":"de"},{"@type":"Organization","@id":"https:\/\/boeselager-realschule.de\/#organization","name":"Philipp Freiherr von Boeselager Realschule plus Ahrweiler","url":"https:\/\/boeselager-realschule.de\/","logo":{"@type":"ImageObject","inLanguage":"de","@id":"https:\/\/boeselager-realschule.de\/#\/schema\/logo\/image\/","url":"https:\/\/boeselager-realschule.de\/wp-content\/uploads\/2025\/02\/logo_280-gif.gif","contentUrl":"https:\/\/boeselager-realschule.de\/wp-content\/uploads\/2025\/02\/logo_280-gif.gif","width":280,"height":226,"caption":"Philipp Freiherr von Boeselager Realschule plus Ahrweiler"},"image":{"@id":"https:\/\/boeselager-realschule.de\/#\/schema\/logo\/image\/"},"sameAs":["https:\/\/www.facebook.com\/rsplus"]}]}},"_links":{"self":[{"href":"https:\/\/boeselager-realschule.de\/index.php?rest_route=\/wp\/v2\/pages\/9518","targetHints":{"allow":["GET"]}}],"collection":[{"href":"https:\/\/boeselager-realschule.de\/index.php?rest_route=\/wp\/v2\/pages"}],"about":[{"href":"https:\/\/boeselager-realschule.de\/index.php?rest_route=\/wp\/v2\/types\/page"}],"author":[{"embeddable":true,"href":"https:\/\/boeselager-realschule.de\/index.php?rest_route=\/wp\/v2\/users\/5"}],"replies":[{"embeddable":true,"href":"https:\/\/boeselager-realschule.de\/index.php?rest_route=%2Fwp%2Fv2%2Fcomments&post=9518"}],"version-history":[{"count":0,"href":"https:\/\/boeselager-realschule.de\/index.php?rest_route=\/wp\/v2\/pages\/9518\/revisions"}],"up":[{"embeddable":true,"href":"https:\/\/boeselager-realschule.de\/index.php?rest_route=\/wp\/v2\/pages\/9489"}],"wp:attachment":[{"href":"https:\/\/boeselager-realschule.de\/index.php?rest_route=%2Fwp%2Fv2%2Fmedia&parent=9518"}],"curies":[{"name":"wp","href":"https:\/\/api.w.org\/{rel}","templated":true}]}}