{"id":735,"date":"2010-03-18T16:34:52","date_gmt":"2010-03-18T15:34:52","guid":{"rendered":"http:\/\/boeselager-schule.de\/?page_id=735"},"modified":"2016-02-10T20:11:52","modified_gmt":"2016-02-10T19:11:52","slug":"podcast","status":"publish","type":"page","link":"https:\/\/boeselager-realschule.de\/?page_id=735","title":{"rendered":"Podcasts"},"content":{"rendered":"<p>Hier finden Sie <strong>Podcasts mit Infos von der\/\u00fcber die Philipp Freiherr von Boeselager Realschule plus Ahrweiler<\/strong>.<\/p>\n<blockquote><p><em>Info: &#8220;<strong>Podcasting<\/strong>&#8221; bezeichnet das Produzieren und Anbieten von abonnierbaren Mediendateien (Audio oder Video) \u00fcber das Internet, also hier \u00fcber unsere Schul-Webseite. Das Wort setzt sich aus den beiden englischen W\u00f6rtern &#8220;i<strong>Pod<\/strong>&#8221;\u00a0 und &#8220;Broad<strong>cast<\/strong>ing&#8221; zusammen.<\/em><\/p><\/blockquote>\n<p style=\"text-align: left;\"><strong>Podcast Nr. 4a\/2010 &#8211; <\/strong>Abschlussfeier der Philipp Freiherr von Boeselager Realschule Ahrweiler 2010 &#8211; Teil 1<\/p>\n<p style=\"text-align: center;\"><object style=\"width: 425px; height: 350px;\" width=\"425\" height=\"350\" classid=\"clsid:d27cdb6e-ae6d-11cf-96b8-444553540000\" codebase=\"http:\/\/download.macromedia.com\/pub\/shockwave\/cabs\/flash\/swflash.cab#version=6,0,40,0\"><param name=\"src\" value=\"http:\/\/www.youtube.com\/v\/f7CoQ2GQdhU\" \/><embed style=\"width: 425px; height: 350px;\" type=\"application\/x-shockwave-flash\" width=\"425\" height=\"350\" src=\"http:\/\/www.youtube.com\/v\/f7CoQ2GQdhU\" \/><\/object><\/p>\n<p style=\"text-align: left;\"><strong>Podcast Nr. 4b\/2010 &#8211; <\/strong>Abschlussfeier der Philipp Freiherr von Boeselager Realschule Ahrweiler 2010 &#8211; Teil 2<\/p>\n<p style=\"text-align: center;\"><object width=\"425\" height=\"350\" classid=\"clsid:d27cdb6e-ae6d-11cf-96b8-444553540000\" codebase=\"http:\/\/download.macromedia.com\/pub\/shockwave\/cabs\/flash\/swflash.cab#version=6,0,40,0\"><param name=\"play\" value=\"false\" \/><param name=\"src\" value=\"http:\/\/www.youtube.com\/v\/QtZLp4oyeog\" \/><embed type=\"application\/x-shockwave-flash\" width=\"425\" height=\"350\" src=\"http:\/\/www.youtube.com\/v\/QtZLp4oyeog\" play=\"false\" \/><\/object><\/p>\n<p style=\"text-align: left;\"><strong>Podcast Nr. 3\/2010 &#8211; <\/strong>Sieg bei Tanzwettbewerb am Fest der guten Laune f\u00fcr 4 Sch\u00fclerinnen aus der 7c<\/p>\n<p style=\"text-align: center;\"><object width=\"425\" height=\"350\" classid=\"clsid:d27cdb6e-ae6d-11cf-96b8-444553540000\" codebase=\"http:\/\/download.macromedia.com\/pub\/shockwave\/cabs\/flash\/swflash.cab#version=6,0,40,0\"><param name=\"src\" value=\"http:\/\/www.youtube.com\/v\/2cv0QX_X6UE\" \/><embed type=\"application\/x-shockwave-flash\" width=\"425\" height=\"350\" src=\"http:\/\/www.youtube.com\/v\/2cv0QX_X6UE\" \/><\/object><\/p>\n<p style=\"text-align: left;\"><strong>Podcast Nr. 2\/2010 <\/strong>&#8211; Ergebnis einer Projektarbeit des 10er Sop\u00e4d-Kurses 2009\/10 (2. HJ) &#8211; Aufgabe war es, einen Werbefilm \u00fcber die Schule zu produzieren:<\/p>\n<p><object width=\"580\" height=\"360\" classid=\"clsid:d27cdb6e-ae6d-11cf-96b8-444553540000\" codebase=\"http:\/\/download.macromedia.com\/pub\/shockwave\/cabs\/flash\/swflash.cab#version=6,0,40,0\"><param name=\"allowFullScreen\" value=\"true\" \/><param name=\"allowscriptaccess\" value=\"always\" \/><param name=\"src\" value=\"http:\/\/www.youtube.com\/v\/lAqBC3xDsdA&amp;hl=de_DE&amp;fs=1&amp;rel=0&amp;color1=0x2b405b&amp;color2=0x6b8ab6&amp;border=1\" \/><param name=\"allowfullscreen\" value=\"true\" \/><embed type=\"application\/x-shockwave-flash\" width=\"580\" height=\"360\" src=\"http:\/\/www.youtube.com\/v\/lAqBC3xDsdA&amp;hl=de_DE&amp;fs=1&amp;rel=0&amp;color1=0x2b405b&amp;color2=0x6b8ab6&amp;border=1\" allowscriptaccess=\"always\" allowfullscreen=\"allowfullscreen\" \/><\/object><\/p>\n<p><strong>Podcast Nr. 1\/2010<\/strong> &#8211; <a href=\"http:\/\/www.rheinahr.tv\/\" target=\"_blank\">Rhein-Ahr-TV<\/a> berichtete \u00fcber den Tag der offenen T\u00fcr an unserer Schule am 16.01.2010:<\/p>\n<p><object width=\"500\" height=\"405\" classid=\"clsid:d27cdb6e-ae6d-11cf-96b8-444553540000\" codebase=\"http:\/\/download.macromedia.com\/pub\/shockwave\/cabs\/flash\/swflash.cab#version=6,0,40,0\"><param name=\"allowFullScreen\" value=\"true\" \/><param name=\"allowscriptaccess\" value=\"always\" \/><param name=\"src\" value=\"http:\/\/www.youtube.com\/v\/ZTDa_zduVrg&amp;hl=de_DE&amp;fs=1&amp;rel=0&amp;color1=0x2b405b&amp;color2=0x6b8ab6&amp;border=1\" \/><param name=\"allowfullscreen\" value=\"true\" \/><embed type=\"application\/x-shockwave-flash\" width=\"500\" height=\"405\" src=\"http:\/\/www.youtube.com\/v\/ZTDa_zduVrg&amp;hl=de_DE&amp;fs=1&amp;rel=0&amp;color1=0x2b405b&amp;color2=0x6b8ab6&amp;border=1\" allowscriptaccess=\"always\" allowfullscreen=\"allowfullscreen\" \/><\/object><br \/>\n<em>\u00a9 2010 &#8211; Mit freundlicher Genehmigung von <a href=\"http:\/\/www.rheinahr.tv\/\" target=\"_blank\">Rhein-Ahr-TV<\/a><\/em><\/p>\n<p><strong>Podcast Nr. 1\/2009 &#8211; <\/strong><a href=\"http:\/\/www.rheinahr.tv\/\" target=\"_blank\">Rhein-Ahr-TV<\/a> berichtete \u00fcber die Namensgebung unserer Schule am 06.10.2010:<\/p>\n<p style=\"text-align: center;\"><object style=\"width: 500px; height: 405px;\" width=\"500\" height=\"405\" classid=\"clsid:d27cdb6e-ae6d-11cf-96b8-444553540000\" codebase=\"http:\/\/download.macromedia.com\/pub\/shockwave\/cabs\/flash\/swflash.cab#version=6,0,40,0\"><param name=\"play\" value=\"false\" \/><param name=\"src\" value=\"http:\/\/www.youtube.com\/v\/6ifxVo5e6SE&amp;hl=de_DE&amp;fs=1&amp;rel=0&amp;color1=0x2b405b&amp;color2=0x6b8ab6&amp;border=1\" \/><embed style=\"width: 500px; height: 405px;\" type=\"application\/x-shockwave-flash\" width=\"500\" height=\"405\" src=\"http:\/\/www.youtube.com\/v\/6ifxVo5e6SE&amp;hl=de_DE&amp;fs=1&amp;rel=0&amp;color1=0x2b405b&amp;color2=0x6b8ab6&amp;border=1\" play=\"false\" \/><\/object><br \/>\n<em>\u00a9 2009 &#8211; Mit freundlicher Genehmigung von <a href=\"http:\/\/www.rheinahr.tv\/\" target=\"_blank\">Rhein-Ahr-TV<\/a><\/em><\/p>\n<p><em><br \/>\n<\/em><\/p>\n<p style=\"text-align: center;\">Hier geht es zu unserem\u00a0 &#8211;&gt;\u00a0 <strong><a title=\"Youtube-Kanal\" href=\"http:\/\/www.youtube.com\/user\/RealschuleAhrweiler\" target=\"_blank\">Youtube-Kanal<\/a><\/strong><\/p>\n<p style=\"text-align: center;\"><strong><br \/>\n<\/strong><\/p>\n","protected":false},"excerpt":{"rendered":"<p>Hier finden Sie Podcasts mit Infos von der\/\u00fcber die Philipp Freiherr von Boeselager Realschule plus Ahrweiler. Info: &#8220;Podcasting&#8221; bezeichnet das Produzieren und Anbieten von abonnierbaren Mediendateien (Audio oder Video) \u00fcber das Internet, also hier \u00fcber unsere Schul-Webseite. Das Wort setzt sich aus den beiden englischen W\u00f6rtern &#8220;iPod&#8221;\u00a0 und &#8220;Broadcasting&#8221; zusammen. Podcast Nr. 4a\/2010 &#8211; Abschlussfeier [&hellip;]<\/p>\n","protected":false},"author":5,"featured_media":0,"parent":412,"menu_order":200,"comment_status":"closed","ping_status":"open","template":"","meta":{"ngg_post_thumbnail":0,"footnotes":""},"class_list":["post-735","page","type-page","status-publish","hentry"],"yoast_head":"<!-- This site is optimized with the Yoast SEO plugin v27.3 - https:\/\/yoast.com\/product\/yoast-seo-wordpress\/ -->\n<title>Podcasts &#183; Philipp Freiherr von Boeselager Realschule plus Ahrweiler<\/title>\n<meta name=\"description\" content=\"Realschule plus, Ahrweiler, Boeselager Realschule, individuelle F\u00f6rderung, Wahlpflichtf\u00e4cher, internationale Partnerschaften, Arbeitsgemeinschaften, Bildung, Schulgemeinschaft\" \/>\n<meta name=\"robots\" content=\"index, follow, max-snippet:-1, max-image-preview:large, max-video-preview:-1\" \/>\n<link rel=\"canonical\" href=\"https:\/\/boeselager-realschule.de\/?page_id=735\" \/>\n<meta property=\"og:locale\" content=\"de_DE\" \/>\n<meta property=\"og:type\" content=\"article\" \/>\n<meta property=\"og:title\" content=\"Podcasts &#183; Philipp Freiherr von Boeselager Realschule plus Ahrweiler\" \/>\n<meta property=\"og:description\" content=\"Realschule plus, Ahrweiler, Boeselager Realschule, individuelle F\u00f6rderung, Wahlpflichtf\u00e4cher, internationale Partnerschaften, Arbeitsgemeinschaften, Bildung, Schulgemeinschaft\" \/>\n<meta property=\"og:url\" content=\"https:\/\/boeselager-realschule.de\/?page_id=735\" \/>\n<meta property=\"og:site_name\" content=\"Philipp Freiherr von Boeselager Realschule plus Ahrweiler\" \/>\n<meta property=\"article:publisher\" content=\"https:\/\/www.facebook.com\/rsplus\" \/>\n<meta property=\"article:modified_time\" content=\"2016-02-10T19:11:52+00:00\" \/>\n<meta name=\"twitter:card\" content=\"summary_large_image\" \/>\n<meta name=\"twitter:label1\" content=\"Gesch\u00e4tzte Lesezeit\" \/>\n\t<meta name=\"twitter:data1\" content=\"1\u00a0Minute\" \/>\n<script type=\"application\/ld+json\" class=\"yoast-schema-graph\">{\"@context\":\"https:\\\/\\\/schema.org\",\"@graph\":[{\"@type\":\"WebPage\",\"@id\":\"https:\\\/\\\/boeselager-realschule.de\\\/?page_id=735\",\"url\":\"https:\\\/\\\/boeselager-realschule.de\\\/?page_id=735\",\"name\":\"Podcasts &#183; Philipp Freiherr von Boeselager Realschule plus Ahrweiler\",\"isPartOf\":{\"@id\":\"https:\\\/\\\/boeselager-realschule.de\\\/#website\"},\"datePublished\":\"2010-03-18T15:34:52+00:00\",\"dateModified\":\"2016-02-10T19:11:52+00:00\",\"description\":\"Realschule plus, Ahrweiler, Boeselager Realschule, individuelle F\u00f6rderung, Wahlpflichtf\u00e4cher, internationale Partnerschaften, Arbeitsgemeinschaften, Bildung, Schulgemeinschaft\",\"breadcrumb\":{\"@id\":\"https:\\\/\\\/boeselager-realschule.de\\\/?page_id=735#breadcrumb\"},\"inLanguage\":\"de\",\"potentialAction\":[{\"@type\":\"ReadAction\",\"target\":[\"https:\\\/\\\/boeselager-realschule.de\\\/?page_id=735\"]}]},{\"@type\":\"BreadcrumbList\",\"@id\":\"https:\\\/\\\/boeselager-realschule.de\\\/?page_id=735#breadcrumb\",\"itemListElement\":[{\"@type\":\"ListItem\",\"position\":1,\"name\":\"Startseite\",\"item\":\"https:\\\/\\\/boeselager-realschule.de\\\/\"},{\"@type\":\"ListItem\",\"position\":2,\"name\":\"Links\",\"item\":\"https:\\\/\\\/boeselager-realschule.de\\\/?page_id=412\"},{\"@type\":\"ListItem\",\"position\":3,\"name\":\"Podcasts\"}]},{\"@type\":\"WebSite\",\"@id\":\"https:\\\/\\\/boeselager-realschule.de\\\/#website\",\"url\":\"https:\\\/\\\/boeselager-realschule.de\\\/\",\"name\":\"Philipp Freiherr von Boeselager Realschule plus Ahrweiler\",\"description\":\"\",\"publisher\":{\"@id\":\"https:\\\/\\\/boeselager-realschule.de\\\/#organization\"},\"potentialAction\":[{\"@type\":\"SearchAction\",\"target\":{\"@type\":\"EntryPoint\",\"urlTemplate\":\"https:\\\/\\\/boeselager-realschule.de\\\/?s={search_term_string}\"},\"query-input\":{\"@type\":\"PropertyValueSpecification\",\"valueRequired\":true,\"valueName\":\"search_term_string\"}}],\"inLanguage\":\"de\"},{\"@type\":\"Organization\",\"@id\":\"https:\\\/\\\/boeselager-realschule.de\\\/#organization\",\"name\":\"Philipp Freiherr von Boeselager Realschule plus Ahrweiler\",\"url\":\"https:\\\/\\\/boeselager-realschule.de\\\/\",\"logo\":{\"@type\":\"ImageObject\",\"inLanguage\":\"de\",\"@id\":\"https:\\\/\\\/boeselager-realschule.de\\\/#\\\/schema\\\/logo\\\/image\\\/\",\"url\":\"https:\\\/\\\/boeselager-realschule.de\\\/wp-content\\\/uploads\\\/2025\\\/02\\\/logo_280-gif.gif\",\"contentUrl\":\"https:\\\/\\\/boeselager-realschule.de\\\/wp-content\\\/uploads\\\/2025\\\/02\\\/logo_280-gif.gif\",\"width\":280,\"height\":226,\"caption\":\"Philipp Freiherr von Boeselager Realschule plus Ahrweiler\"},\"image\":{\"@id\":\"https:\\\/\\\/boeselager-realschule.de\\\/#\\\/schema\\\/logo\\\/image\\\/\"},\"sameAs\":[\"https:\\\/\\\/www.facebook.com\\\/rsplus\"]}]}<\/script>\n<!-- \/ Yoast SEO plugin. -->","yoast_head_json":{"title":"Podcasts &#183; Philipp Freiherr von Boeselager Realschule plus Ahrweiler","description":"Realschule plus, Ahrweiler, Boeselager Realschule, individuelle F\u00f6rderung, Wahlpflichtf\u00e4cher, internationale Partnerschaften, Arbeitsgemeinschaften, Bildung, Schulgemeinschaft","robots":{"index":"index","follow":"follow","max-snippet":"max-snippet:-1","max-image-preview":"max-image-preview:large","max-video-preview":"max-video-preview:-1"},"canonical":"https:\/\/boeselager-realschule.de\/?page_id=735","og_locale":"de_DE","og_type":"article","og_title":"Podcasts &#183; Philipp Freiherr von Boeselager Realschule plus Ahrweiler","og_description":"Realschule plus, Ahrweiler, Boeselager Realschule, individuelle F\u00f6rderung, Wahlpflichtf\u00e4cher, internationale Partnerschaften, Arbeitsgemeinschaften, Bildung, Schulgemeinschaft","og_url":"https:\/\/boeselager-realschule.de\/?page_id=735","og_site_name":"Philipp Freiherr von Boeselager Realschule plus Ahrweiler","article_publisher":"https:\/\/www.facebook.com\/rsplus","article_modified_time":"2016-02-10T19:11:52+00:00","twitter_card":"summary_large_image","twitter_misc":{"Gesch\u00e4tzte Lesezeit":"1\u00a0Minute"},"schema":{"@context":"https:\/\/schema.org","@graph":[{"@type":"WebPage","@id":"https:\/\/boeselager-realschule.de\/?page_id=735","url":"https:\/\/boeselager-realschule.de\/?page_id=735","name":"Podcasts &#183; Philipp Freiherr von Boeselager Realschule plus Ahrweiler","isPartOf":{"@id":"https:\/\/boeselager-realschule.de\/#website"},"datePublished":"2010-03-18T15:34:52+00:00","dateModified":"2016-02-10T19:11:52+00:00","description":"Realschule plus, Ahrweiler, Boeselager Realschule, individuelle F\u00f6rderung, Wahlpflichtf\u00e4cher, internationale Partnerschaften, Arbeitsgemeinschaften, Bildung, Schulgemeinschaft","breadcrumb":{"@id":"https:\/\/boeselager-realschule.de\/?page_id=735#breadcrumb"},"inLanguage":"de","potentialAction":[{"@type":"ReadAction","target":["https:\/\/boeselager-realschule.de\/?page_id=735"]}]},{"@type":"BreadcrumbList","@id":"https:\/\/boeselager-realschule.de\/?page_id=735#breadcrumb","itemListElement":[{"@type":"ListItem","position":1,"name":"Startseite","item":"https:\/\/boeselager-realschule.de\/"},{"@type":"ListItem","position":2,"name":"Links","item":"https:\/\/boeselager-realschule.de\/?page_id=412"},{"@type":"ListItem","position":3,"name":"Podcasts"}]},{"@type":"WebSite","@id":"https:\/\/boeselager-realschule.de\/#website","url":"https:\/\/boeselager-realschule.de\/","name":"Philipp Freiherr von Boeselager Realschule plus Ahrweiler","description":"","publisher":{"@id":"https:\/\/boeselager-realschule.de\/#organization"},"potentialAction":[{"@type":"SearchAction","target":{"@type":"EntryPoint","urlTemplate":"https:\/\/boeselager-realschule.de\/?s={search_term_string}"},"query-input":{"@type":"PropertyValueSpecification","valueRequired":true,"valueName":"search_term_string"}}],"inLanguage":"de"},{"@type":"Organization","@id":"https:\/\/boeselager-realschule.de\/#organization","name":"Philipp Freiherr von Boeselager Realschule plus Ahrweiler","url":"https:\/\/boeselager-realschule.de\/","logo":{"@type":"ImageObject","inLanguage":"de","@id":"https:\/\/boeselager-realschule.de\/#\/schema\/logo\/image\/","url":"https:\/\/boeselager-realschule.de\/wp-content\/uploads\/2025\/02\/logo_280-gif.gif","contentUrl":"https:\/\/boeselager-realschule.de\/wp-content\/uploads\/2025\/02\/logo_280-gif.gif","width":280,"height":226,"caption":"Philipp Freiherr von Boeselager Realschule plus Ahrweiler"},"image":{"@id":"https:\/\/boeselager-realschule.de\/#\/schema\/logo\/image\/"},"sameAs":["https:\/\/www.facebook.com\/rsplus"]}]}},"_links":{"self":[{"href":"https:\/\/boeselager-realschule.de\/index.php?rest_route=\/wp\/v2\/pages\/735","targetHints":{"allow":["GET"]}}],"collection":[{"href":"https:\/\/boeselager-realschule.de\/index.php?rest_route=\/wp\/v2\/pages"}],"about":[{"href":"https:\/\/boeselager-realschule.de\/index.php?rest_route=\/wp\/v2\/types\/page"}],"author":[{"embeddable":true,"href":"https:\/\/boeselager-realschule.de\/index.php?rest_route=\/wp\/v2\/users\/5"}],"replies":[{"embeddable":true,"href":"https:\/\/boeselager-realschule.de\/index.php?rest_route=%2Fwp%2Fv2%2Fcomments&post=735"}],"version-history":[{"count":0,"href":"https:\/\/boeselager-realschule.de\/index.php?rest_route=\/wp\/v2\/pages\/735\/revisions"}],"up":[{"embeddable":true,"href":"https:\/\/boeselager-realschule.de\/index.php?rest_route=\/wp\/v2\/pages\/412"}],"wp:attachment":[{"href":"https:\/\/boeselager-realschule.de\/index.php?rest_route=%2Fwp%2Fv2%2Fmedia&parent=735"}],"curies":[{"name":"wp","href":"https:\/\/api.w.org\/{rel}","templated":true}]}}