{"id":2088,"date":"2011-09-22T18:07:02","date_gmt":"2011-09-22T16:07:02","guid":{"rendered":"http:\/\/boeselager-realschule.de\/?page_id=2088"},"modified":"2022-11-03T17:04:25","modified_gmt":"2022-11-03T16:04:25","slug":"speiseplan-aktuelle-woche","status":"publish","type":"page","link":"https:\/\/boeselager-realschule.de\/?page_id=2088","title":{"rendered":"Speiseplan"},"content":{"rendered":"<p style=\"text-align: center;\"><strong>Speiseplan <\/strong><\/p>\n<p><img loading=\"lazy\" decoding=\"async\" class=\"aligncenter wp-image-7045 size-full\" src=\"http:\/\/boeselager-realschule.de\/wp-content\/uploads\/2011\/09\/essen.jpg\" alt=\"Speiseplan \" width=\"492\" height=\"268\" srcset=\"https:\/\/boeselager-realschule.de\/wp-content\/uploads\/2011\/09\/essen.jpg 492w, https:\/\/boeselager-realschule.de\/wp-content\/uploads\/2011\/09\/essen-300x163.jpg 300w\" sizes=\"auto, (max-width: 492px) 100vw, 492px\" \/><\/p>\n<p>&nbsp;<\/p>\n<p>&nbsp;<\/p>\n<p><span style=\"font-family: 'Arial',sans-serif; color: #333333;\">Aufgrund der aktuellen Situation k\u00f6nnen wir derzeit leider <strong><span style=\"font-family: 'Arial',sans-serif;\">kein Mittagessen<\/span><\/strong> anbieten und bitten daher im Falle einer Anmeldung Ihrem Kind entsprechend <strong><span style=\"font-family: 'Arial',sans-serif;\">mehr Verpflegung mitzugeben<\/span><\/strong>.<br \/>\nWir bitten um Ihr Verst\u00e4ndnis.<\/span><\/p>\n<p>&nbsp;<\/p>\n<p>&nbsp;<\/p>\n<blockquote><p><strong>Liste \u00fcber Allergene und Zusatzstoffe:<\/strong><br \/>\n<strong>Allergene<\/strong><br \/>\na) enth\u00e4lt Gluten<br \/>\nb) enth\u00e4lt Krebstiere<br \/>\nc) enth\u00e4lt Eier<br \/>\nd) enth\u00e4lt Fisch<br \/>\ne) enth\u00e4lt Erdn\u00fcsse<br \/>\nf) enth\u00e4lt Soja<br \/>\ng) enth\u00e4lt Milch (einschlie\u00dflich Laktose)<br \/>\nh) enth\u00e4lt Schalenfr\u00fcchte<br \/>\ni) enth\u00e4lt Sellerie<br \/>\nj) enth\u00e4lt Senf<br \/>\nk) enth\u00e4lt Sesamsamen<br \/>\nl) enth\u00e4lt Schwefeldioxid und Sulfite<br \/>\nm) enth\u00e4lt Lupinen<br \/>\nn) enth\u00e4lt Weichtiere<\/p>\n<p><strong>Zusatzstoffe<\/strong><br \/>\n1) Farbstoff<br \/>\n2) Konservierungsstoff<br \/>\n3) Antioxidationsmittel<br \/>\n4) Geschmacksverst\u00e4rker<br \/>\n5) geschwefelt<br \/>\n6) geschw\u00e4rzt<br \/>\n7) Phosphat<br \/>\n8) S\u00fc\u00dfungsmittel<\/p>\n<p>Folgende Allergene k\u00f6nnen im t\u00e4glichem Nachtisch enthalten sein (a,e,g,1,2,8)<\/p>\n<p>In allen von uns zubereiteten So\u00dfen sind Gluten und Spuren von Sellerie enthalten.<\/p><\/blockquote>\n<p>&#8211;&gt; Lieferung durch die &#8220;<a href=\"http:\/\/www.partyservice-effert.de\/\" target=\"_blank\" rel=\"noopener noreferrer\">Metzgerei Effert &#8211; Heimersheim<\/a>&#8221;<\/p>\n<p><span style=\"font-size: medium;\">&nbsp;<\/span><\/p>\n<blockquote><p>Termine, an denen die Nachmittagsbetreuung aufgrund anderer Veranstaltungen ausf\u00e4llt&#8230; &nbsp;&#8211;&gt; <a href=\"http:\/\/boeselager-realschule.de\/?page_id=3196\" target=\"_blank\" rel=\"noopener noreferrer\"><strong>Ausfall<\/strong><\/a><\/p><\/blockquote>\n","protected":false},"excerpt":{"rendered":"<p>Speiseplan &nbsp; &nbsp; Aufgrund der aktuellen Situation k\u00f6nnen wir derzeit leider kein Mittagessen anbieten und bitten daher im Falle einer Anmeldung Ihrem Kind entsprechend mehr Verpflegung mitzugeben. Wir bitten um Ihr Verst\u00e4ndnis. &nbsp; &nbsp; Liste \u00fcber Allergene und Zusatzstoffe: Allergene a) enth\u00e4lt Gluten b) enth\u00e4lt Krebstiere c) enth\u00e4lt Eier d) enth\u00e4lt Fisch e) enth\u00e4lt Erdn\u00fcsse [&hellip;]<\/p>\n","protected":false},"author":5,"featured_media":0,"parent":2069,"menu_order":1,"comment_status":"closed","ping_status":"open","template":"","meta":{"ngg_post_thumbnail":0,"footnotes":""},"class_list":["post-2088","page","type-page","status-publish","hentry"],"yoast_head":"<!-- This site is optimized with the Yoast SEO plugin v27.6 - https:\/\/yoast.com\/product\/yoast-seo-wordpress\/ -->\n<title>Speiseplan &#183; Philipp Freiherr von Boeselager Realschule plus Ahrweiler<\/title>\n<meta name=\"description\" content=\"Realschule plus, Ahrweiler, Boeselager Realschule, individuelle F\u00f6rderung, Wahlpflichtf\u00e4cher, internationale Partnerschaften, Arbeitsgemeinschaften, Bildung, Schulgemeinschaft\" \/>\n<meta name=\"robots\" content=\"index, follow, max-snippet:-1, max-image-preview:large, max-video-preview:-1\" \/>\n<link rel=\"canonical\" href=\"https:\/\/boeselager-realschule.de\/?page_id=2088\" \/>\n<meta property=\"og:locale\" content=\"de_DE\" \/>\n<meta property=\"og:type\" content=\"article\" \/>\n<meta property=\"og:title\" content=\"Speiseplan &#183; Philipp Freiherr von Boeselager Realschule plus Ahrweiler\" \/>\n<meta property=\"og:description\" content=\"Realschule plus, Ahrweiler, Boeselager Realschule, individuelle F\u00f6rderung, Wahlpflichtf\u00e4cher, internationale Partnerschaften, Arbeitsgemeinschaften, Bildung, Schulgemeinschaft\" \/>\n<meta property=\"og:url\" content=\"https:\/\/boeselager-realschule.de\/?page_id=2088\" \/>\n<meta property=\"og:site_name\" content=\"Philipp Freiherr von Boeselager Realschule plus Ahrweiler\" \/>\n<meta property=\"article:publisher\" content=\"https:\/\/www.facebook.com\/rsplus\" \/>\n<meta property=\"article:modified_time\" content=\"2022-11-03T16:04:25+00:00\" \/>\n<meta property=\"og:image\" content=\"http:\/\/boeselager-realschule.de\/wp-content\/uploads\/2011\/09\/essen.jpg\" \/>\n<meta name=\"twitter:card\" content=\"summary_large_image\" \/>\n<meta name=\"twitter:label1\" content=\"Gesch\u00e4tzte Lesezeit\" \/>\n\t<meta name=\"twitter:data1\" content=\"1\u00a0Minute\" \/>\n<script type=\"application\/ld+json\" class=\"yoast-schema-graph\">{\"@context\":\"https:\\\/\\\/schema.org\",\"@graph\":[{\"@type\":\"WebPage\",\"@id\":\"https:\\\/\\\/boeselager-realschule.de\\\/?page_id=2088\",\"url\":\"https:\\\/\\\/boeselager-realschule.de\\\/?page_id=2088\",\"name\":\"Speiseplan &#183; Philipp Freiherr von Boeselager Realschule plus Ahrweiler\",\"isPartOf\":{\"@id\":\"https:\\\/\\\/boeselager-realschule.de\\\/#website\"},\"primaryImageOfPage\":{\"@id\":\"https:\\\/\\\/boeselager-realschule.de\\\/?page_id=2088#primaryimage\"},\"image\":{\"@id\":\"https:\\\/\\\/boeselager-realschule.de\\\/?page_id=2088#primaryimage\"},\"thumbnailUrl\":\"http:\\\/\\\/boeselager-realschule.de\\\/wp-content\\\/uploads\\\/2011\\\/09\\\/essen.jpg\",\"datePublished\":\"2011-09-22T16:07:02+00:00\",\"dateModified\":\"2022-11-03T16:04:25+00:00\",\"description\":\"Realschule plus, Ahrweiler, Boeselager Realschule, individuelle F\u00f6rderung, Wahlpflichtf\u00e4cher, internationale Partnerschaften, Arbeitsgemeinschaften, Bildung, Schulgemeinschaft\",\"breadcrumb\":{\"@id\":\"https:\\\/\\\/boeselager-realschule.de\\\/?page_id=2088#breadcrumb\"},\"inLanguage\":\"de\",\"potentialAction\":[{\"@type\":\"ReadAction\",\"target\":[\"https:\\\/\\\/boeselager-realschule.de\\\/?page_id=2088\"]}]},{\"@type\":\"ImageObject\",\"inLanguage\":\"de\",\"@id\":\"https:\\\/\\\/boeselager-realschule.de\\\/?page_id=2088#primaryimage\",\"url\":\"https:\\\/\\\/boeselager-realschule.de\\\/wp-content\\\/uploads\\\/2011\\\/09\\\/essen.jpg\",\"contentUrl\":\"https:\\\/\\\/boeselager-realschule.de\\\/wp-content\\\/uploads\\\/2011\\\/09\\\/essen.jpg\",\"width\":492,\"height\":268},{\"@type\":\"BreadcrumbList\",\"@id\":\"https:\\\/\\\/boeselager-realschule.de\\\/?page_id=2088#breadcrumb\",\"itemListElement\":[{\"@type\":\"ListItem\",\"position\":1,\"name\":\"Startseite\",\"item\":\"https:\\\/\\\/boeselager-realschule.de\\\/\"},{\"@type\":\"ListItem\",\"position\":2,\"name\":\"Nachmittag\",\"item\":\"https:\\\/\\\/boeselager-realschule.de\\\/?page_id=2037\"},{\"@type\":\"ListItem\",\"position\":3,\"name\":\"Mittagessen\",\"item\":\"https:\\\/\\\/boeselager-realschule.de\\\/?page_id=2069\"},{\"@type\":\"ListItem\",\"position\":4,\"name\":\"Speiseplan\"}]},{\"@type\":\"WebSite\",\"@id\":\"https:\\\/\\\/boeselager-realschule.de\\\/#website\",\"url\":\"https:\\\/\\\/boeselager-realschule.de\\\/\",\"name\":\"Philipp Freiherr von Boeselager Realschule plus Ahrweiler\",\"description\":\"\",\"publisher\":{\"@id\":\"https:\\\/\\\/boeselager-realschule.de\\\/#organization\"},\"potentialAction\":[{\"@type\":\"SearchAction\",\"target\":{\"@type\":\"EntryPoint\",\"urlTemplate\":\"https:\\\/\\\/boeselager-realschule.de\\\/?s={search_term_string}\"},\"query-input\":{\"@type\":\"PropertyValueSpecification\",\"valueRequired\":true,\"valueName\":\"search_term_string\"}}],\"inLanguage\":\"de\"},{\"@type\":\"Organization\",\"@id\":\"https:\\\/\\\/boeselager-realschule.de\\\/#organization\",\"name\":\"Philipp Freiherr von Boeselager Realschule plus Ahrweiler\",\"url\":\"https:\\\/\\\/boeselager-realschule.de\\\/\",\"logo\":{\"@type\":\"ImageObject\",\"inLanguage\":\"de\",\"@id\":\"https:\\\/\\\/boeselager-realschule.de\\\/#\\\/schema\\\/logo\\\/image\\\/\",\"url\":\"https:\\\/\\\/boeselager-realschule.de\\\/wp-content\\\/uploads\\\/2025\\\/02\\\/logo_280-gif.gif\",\"contentUrl\":\"https:\\\/\\\/boeselager-realschule.de\\\/wp-content\\\/uploads\\\/2025\\\/02\\\/logo_280-gif.gif\",\"width\":280,\"height\":226,\"caption\":\"Philipp Freiherr von Boeselager Realschule plus Ahrweiler\"},\"image\":{\"@id\":\"https:\\\/\\\/boeselager-realschule.de\\\/#\\\/schema\\\/logo\\\/image\\\/\"},\"sameAs\":[\"https:\\\/\\\/www.facebook.com\\\/rsplus\"]}]}<\/script>\n<!-- \/ Yoast SEO plugin. -->","yoast_head_json":{"title":"Speiseplan &#183; Philipp Freiherr von Boeselager Realschule plus Ahrweiler","description":"Realschule plus, Ahrweiler, Boeselager Realschule, individuelle F\u00f6rderung, Wahlpflichtf\u00e4cher, internationale Partnerschaften, Arbeitsgemeinschaften, Bildung, Schulgemeinschaft","robots":{"index":"index","follow":"follow","max-snippet":"max-snippet:-1","max-image-preview":"max-image-preview:large","max-video-preview":"max-video-preview:-1"},"canonical":"https:\/\/boeselager-realschule.de\/?page_id=2088","og_locale":"de_DE","og_type":"article","og_title":"Speiseplan &#183; Philipp Freiherr von Boeselager Realschule plus Ahrweiler","og_description":"Realschule plus, Ahrweiler, Boeselager Realschule, individuelle F\u00f6rderung, Wahlpflichtf\u00e4cher, internationale Partnerschaften, Arbeitsgemeinschaften, Bildung, Schulgemeinschaft","og_url":"https:\/\/boeselager-realschule.de\/?page_id=2088","og_site_name":"Philipp Freiherr von Boeselager Realschule plus Ahrweiler","article_publisher":"https:\/\/www.facebook.com\/rsplus","article_modified_time":"2022-11-03T16:04:25+00:00","og_image":[{"url":"http:\/\/boeselager-realschule.de\/wp-content\/uploads\/2011\/09\/essen.jpg","type":"","width":"","height":""}],"twitter_card":"summary_large_image","twitter_misc":{"Gesch\u00e4tzte Lesezeit":"1\u00a0Minute"},"schema":{"@context":"https:\/\/schema.org","@graph":[{"@type":"WebPage","@id":"https:\/\/boeselager-realschule.de\/?page_id=2088","url":"https:\/\/boeselager-realschule.de\/?page_id=2088","name":"Speiseplan &#183; Philipp Freiherr von Boeselager Realschule plus Ahrweiler","isPartOf":{"@id":"https:\/\/boeselager-realschule.de\/#website"},"primaryImageOfPage":{"@id":"https:\/\/boeselager-realschule.de\/?page_id=2088#primaryimage"},"image":{"@id":"https:\/\/boeselager-realschule.de\/?page_id=2088#primaryimage"},"thumbnailUrl":"http:\/\/boeselager-realschule.de\/wp-content\/uploads\/2011\/09\/essen.jpg","datePublished":"2011-09-22T16:07:02+00:00","dateModified":"2022-11-03T16:04:25+00:00","description":"Realschule plus, Ahrweiler, Boeselager Realschule, individuelle F\u00f6rderung, Wahlpflichtf\u00e4cher, internationale Partnerschaften, Arbeitsgemeinschaften, Bildung, Schulgemeinschaft","breadcrumb":{"@id":"https:\/\/boeselager-realschule.de\/?page_id=2088#breadcrumb"},"inLanguage":"de","potentialAction":[{"@type":"ReadAction","target":["https:\/\/boeselager-realschule.de\/?page_id=2088"]}]},{"@type":"ImageObject","inLanguage":"de","@id":"https:\/\/boeselager-realschule.de\/?page_id=2088#primaryimage","url":"https:\/\/boeselager-realschule.de\/wp-content\/uploads\/2011\/09\/essen.jpg","contentUrl":"https:\/\/boeselager-realschule.de\/wp-content\/uploads\/2011\/09\/essen.jpg","width":492,"height":268},{"@type":"BreadcrumbList","@id":"https:\/\/boeselager-realschule.de\/?page_id=2088#breadcrumb","itemListElement":[{"@type":"ListItem","position":1,"name":"Startseite","item":"https:\/\/boeselager-realschule.de\/"},{"@type":"ListItem","position":2,"name":"Nachmittag","item":"https:\/\/boeselager-realschule.de\/?page_id=2037"},{"@type":"ListItem","position":3,"name":"Mittagessen","item":"https:\/\/boeselager-realschule.de\/?page_id=2069"},{"@type":"ListItem","position":4,"name":"Speiseplan"}]},{"@type":"WebSite","@id":"https:\/\/boeselager-realschule.de\/#website","url":"https:\/\/boeselager-realschule.de\/","name":"Philipp Freiherr von Boeselager Realschule plus Ahrweiler","description":"","publisher":{"@id":"https:\/\/boeselager-realschule.de\/#organization"},"potentialAction":[{"@type":"SearchAction","target":{"@type":"EntryPoint","urlTemplate":"https:\/\/boeselager-realschule.de\/?s={search_term_string}"},"query-input":{"@type":"PropertyValueSpecification","valueRequired":true,"valueName":"search_term_string"}}],"inLanguage":"de"},{"@type":"Organization","@id":"https:\/\/boeselager-realschule.de\/#organization","name":"Philipp Freiherr von Boeselager Realschule plus Ahrweiler","url":"https:\/\/boeselager-realschule.de\/","logo":{"@type":"ImageObject","inLanguage":"de","@id":"https:\/\/boeselager-realschule.de\/#\/schema\/logo\/image\/","url":"https:\/\/boeselager-realschule.de\/wp-content\/uploads\/2025\/02\/logo_280-gif.gif","contentUrl":"https:\/\/boeselager-realschule.de\/wp-content\/uploads\/2025\/02\/logo_280-gif.gif","width":280,"height":226,"caption":"Philipp Freiherr von Boeselager Realschule plus Ahrweiler"},"image":{"@id":"https:\/\/boeselager-realschule.de\/#\/schema\/logo\/image\/"},"sameAs":["https:\/\/www.facebook.com\/rsplus"]}]}},"_links":{"self":[{"href":"https:\/\/boeselager-realschule.de\/index.php?rest_route=\/wp\/v2\/pages\/2088","targetHints":{"allow":["GET"]}}],"collection":[{"href":"https:\/\/boeselager-realschule.de\/index.php?rest_route=\/wp\/v2\/pages"}],"about":[{"href":"https:\/\/boeselager-realschule.de\/index.php?rest_route=\/wp\/v2\/types\/page"}],"author":[{"embeddable":true,"href":"https:\/\/boeselager-realschule.de\/index.php?rest_route=\/wp\/v2\/users\/5"}],"replies":[{"embeddable":true,"href":"https:\/\/boeselager-realschule.de\/index.php?rest_route=%2Fwp%2Fv2%2Fcomments&post=2088"}],"version-history":[{"count":2,"href":"https:\/\/boeselager-realschule.de\/index.php?rest_route=\/wp\/v2\/pages\/2088\/revisions"}],"predecessor-version":[{"id":11107,"href":"https:\/\/boeselager-realschule.de\/index.php?rest_route=\/wp\/v2\/pages\/2088\/revisions\/11107"}],"up":[{"embeddable":true,"href":"https:\/\/boeselager-realschule.de\/index.php?rest_route=\/wp\/v2\/pages\/2069"}],"wp:attachment":[{"href":"https:\/\/boeselager-realschule.de\/index.php?rest_route=%2Fwp%2Fv2%2Fmedia&parent=2088"}],"curies":[{"name":"wp","href":"https:\/\/api.w.org\/{rel}","templated":true}]}}