{"id":12162,"date":"2024-09-09T10:53:26","date_gmt":"2024-09-09T08:53:26","guid":{"rendered":"https:\/\/boeselager-realschule.de\/?page_id=12162"},"modified":"2024-09-09T12:04:15","modified_gmt":"2024-09-09T10:04:15","slug":"digitale-schulbuchlizenzen","status":"publish","type":"page","link":"https:\/\/boeselager-realschule.de\/?page_id=12162","title":{"rendered":"Digitale Schulbuchlizenzen"},"content":{"rendered":"<p style=\"text-align: center;\"><strong>Hilfen zur Einl\u00f6sung der digitalen Schulbuchlizenzen<\/strong><\/p>\n<p><img loading=\"lazy\" decoding=\"async\" class=\"aligncenter wp-image-12168\" src=\"https:\/\/boeselager-realschule.de\/wp-content\/uploads\/2024\/09\/Digitale-Lizenzen-1024x576.jpg\" alt=\"\" width=\"555\" height=\"312\" srcset=\"https:\/\/boeselager-realschule.de\/wp-content\/uploads\/2024\/09\/Digitale-Lizenzen-1024x576.jpg 1024w, https:\/\/boeselager-realschule.de\/wp-content\/uploads\/2024\/09\/Digitale-Lizenzen-300x169.jpg 300w, https:\/\/boeselager-realschule.de\/wp-content\/uploads\/2024\/09\/Digitale-Lizenzen-768x432.jpg 768w, https:\/\/boeselager-realschule.de\/wp-content\/uploads\/2024\/09\/Digitale-Lizenzen-1536x864.jpg 1536w, https:\/\/boeselager-realschule.de\/wp-content\/uploads\/2024\/09\/Digitale-Lizenzen-2048x1152.jpg 2048w\" sizes=\"auto, (max-width: 555px) 100vw, 555px\" \/><\/p>\n<p>Durch die Unterst\u00fctzung <a href=\"https:\/\/boeselager-realschule.de\/?page_id=156\" target=\"_blank\" rel=\"noopener\">unseres F\u00f6rdervereins<\/a> kann in diesem Schuljahr jeder Sch\u00fclerin bzw. jedem Sch\u00fcler in den F\u00e4chern Deutsch, Mathematik und Englisch zus\u00e4tzlich zur Printversion ein<br \/>\ndigitales Schulbuch zur Verf\u00fcgung gestellt werden. Hierdurch wird es m\u00f6glich, die B\u00fccher der genannten F\u00e4cher in der Schule zu belassen und zuhause mit der digitalen Version zu arbeiten. Das Gewicht der Schulranzen kann somit erheblich reduziert werden.<\/p>\n<p>&nbsp;<\/p>\n<p><em><strong>Einl\u00f6sen der digitalen Schulbuchlizenz f\u00fcr das Fach Englisch (Verlag: Cornelsen)<\/strong><\/em><\/p>\n<p>Eine ausf\u00fchrliche Anleitung zur Einl\u00f6sung der Lizenzcodes erhalten sie unter dem folgenden Link:<\/p>\n<p style=\"text-align: center;\"><a href=\"https:\/\/www.cornelsen.de\/_Resources\/Persistent\/b\/6\/6\/6\/b6661f32faab54601ff8e6c71c2e7216ecc9ad77\/0001100000220%20E-Book_Anleitung_Freischaltung_Schueler_u_Lernende%201.pdf\" target=\"_blank\" rel=\"noopener\">&#8211;&gt; Anleitung Cornelsen<\/a><\/p>\n<p>&nbsp;<\/p>\n<p><em><strong>Einl\u00f6sen der digitalen Schulbuchlizenz f\u00fcr die F\u00e4cher Deutsch und Mathematik (Verlag: Westermann)<\/strong><\/em><\/p>\n<ul>\n<li style=\"text-align: left;\">Auf dem folgenden Link gelangen Sie zur Anmeldung bei Westermann:<\/li>\n<\/ul>\n<p style=\"text-align: center;\"><a href=\"https:\/\/mein.westermann.de\/user\/produkte\/schluessel\" target=\"_blank\" rel=\"noopener\">&#8211;&gt; Anmeldung Westermann<\/a><\/p>\n<ul>\n<li>Sollten Sie noch keine Zugangsdaten haben, klicken sie den Link:<br \/>\n<em>\u201eHier ein neues Benutzerkonto erstellen\u201c<\/em><\/p>\n<ul>\n<li>Bitte in dem Feld \u201eNutzung unseres Angebots als\u201c Sch\u00fcler\/-in anklicken.<\/li>\n<li>Zur Anmeldung ben\u00f6tigen Sie Ihre E-Mail-Adresse. Vergeben Sie ein Passwort und folgenden Sie den weiteren Anweisungen.<\/li>\n<\/ul>\n<\/li>\n<li>Nach der Registrierung melden Sie sich bitte bei Westermann <em>(Link siehe oben)<\/em> Dort k\u00f6nnen Sie die erhaltenen Lizenzcodes eingeben.<\/li>\n<\/ul>\n<p><strong><em>Nutzung der digitalen Schulb\u00fccher:<\/em><\/strong><\/p>\n<ul>\n<li>Ihr Sohn\/Ihre Tochter kann sich unter &#8211;&gt; <a href=\"http:\/\/www.bibox.schule\/\" target=\"_blank\" rel=\"noopener\">Anmeldung Bibox<\/a> mit Ihrer E-Mail-Adresse und dem von Ihnen bei der Registrierung vergebenen Passwort anmelden.<\/li>\n<li>Auf der BiBox sollten nun die Schulb\u00fccher durch Anklicken genutzt werden k\u00f6nnen.<\/li>\n<\/ul>\n<p>&nbsp;<\/p>\n<p>Weitere Hilfen zur Nutzung der Lizenzcodes und digitalen Schulb\u00fccher finden Sie auf den Webseiten der Verlage:<\/p>\n<ul>\n<li><a href=\"https:\/\/www.cornelsen.de\/\" target=\"_blank\" rel=\"noopener\"><em><strong>Cornelsen<\/strong><\/em><\/a><\/li>\n<li><a href=\"https:\/\/westermann.de\/\" target=\"_blank\" rel=\"noopener\"><em><strong>Westermann<\/strong><\/em><\/a><\/li>\n<\/ul>\n<p style=\"text-align: right;\"><em><strong>Wir danken dem F\u00f6rderverein f\u00fcr seine gro\u00dfz\u00fcgige Unterst\u00fctzung!<\/strong><\/em><\/p>\n","protected":false},"excerpt":{"rendered":"<p>Hilfen zur Einl\u00f6sung der digitalen Schulbuchlizenzen Durch die Unterst\u00fctzung unseres F\u00f6rdervereins kann in diesem Schuljahr jeder Sch\u00fclerin bzw. jedem Sch\u00fcler in den F\u00e4chern Deutsch, Mathematik und Englisch zus\u00e4tzlich zur Printversion ein digitales Schulbuch zur Verf\u00fcgung gestellt werden. Hierdurch wird es m\u00f6glich, die B\u00fccher der genannten F\u00e4cher in der Schule zu belassen und zuhause mit der [&hellip;]<\/p>\n","protected":false},"author":5,"featured_media":0,"parent":156,"menu_order":0,"comment_status":"closed","ping_status":"closed","template":"","meta":{"ngg_post_thumbnail":0,"footnotes":""},"class_list":["post-12162","page","type-page","status-publish","hentry"],"yoast_head":"<!-- This site is optimized with the Yoast SEO plugin v27.5 - https:\/\/yoast.com\/product\/yoast-seo-wordpress\/ -->\n<title>Digitale Schulbuchlizenzen &#183; Philipp Freiherr von Boeselager Realschule plus Ahrweiler<\/title>\n<meta name=\"description\" content=\"Realschule plus, Ahrweiler, Boeselager Realschule, individuelle F\u00f6rderung, Wahlpflichtf\u00e4cher, internationale Partnerschaften, Arbeitsgemeinschaften, Bildung, Schulgemeinschaft\" \/>\n<meta name=\"robots\" content=\"index, follow, max-snippet:-1, max-image-preview:large, max-video-preview:-1\" \/>\n<link rel=\"canonical\" href=\"https:\/\/boeselager-realschule.de\/?page_id=12162\" \/>\n<meta property=\"og:locale\" content=\"de_DE\" \/>\n<meta property=\"og:type\" content=\"article\" \/>\n<meta property=\"og:title\" content=\"Digitale Schulbuchlizenzen &#183; Philipp Freiherr von Boeselager Realschule plus Ahrweiler\" \/>\n<meta property=\"og:description\" content=\"Realschule plus, Ahrweiler, Boeselager Realschule, individuelle F\u00f6rderung, Wahlpflichtf\u00e4cher, internationale Partnerschaften, Arbeitsgemeinschaften, Bildung, Schulgemeinschaft\" \/>\n<meta property=\"og:url\" content=\"https:\/\/boeselager-realschule.de\/?page_id=12162\" \/>\n<meta property=\"og:site_name\" content=\"Philipp Freiherr von Boeselager Realschule plus Ahrweiler\" \/>\n<meta property=\"article:publisher\" content=\"https:\/\/www.facebook.com\/rsplus\" \/>\n<meta property=\"article:modified_time\" content=\"2024-09-09T10:04:15+00:00\" \/>\n<meta property=\"og:image\" content=\"https:\/\/boeselager-realschule.de\/wp-content\/uploads\/2024\/09\/Digitale-Lizenzen-1024x576.jpg\" \/>\n<meta name=\"twitter:card\" content=\"summary_large_image\" \/>\n<meta name=\"twitter:label1\" content=\"Gesch\u00e4tzte Lesezeit\" \/>\n\t<meta name=\"twitter:data1\" content=\"1\u00a0Minute\" \/>\n<script type=\"application\/ld+json\" class=\"yoast-schema-graph\">{\"@context\":\"https:\\\/\\\/schema.org\",\"@graph\":[{\"@type\":\"WebPage\",\"@id\":\"https:\\\/\\\/boeselager-realschule.de\\\/?page_id=12162\",\"url\":\"https:\\\/\\\/boeselager-realschule.de\\\/?page_id=12162\",\"name\":\"Digitale Schulbuchlizenzen &#183; Philipp Freiherr von Boeselager Realschule plus Ahrweiler\",\"isPartOf\":{\"@id\":\"https:\\\/\\\/boeselager-realschule.de\\\/#website\"},\"primaryImageOfPage\":{\"@id\":\"https:\\\/\\\/boeselager-realschule.de\\\/?page_id=12162#primaryimage\"},\"image\":{\"@id\":\"https:\\\/\\\/boeselager-realschule.de\\\/?page_id=12162#primaryimage\"},\"thumbnailUrl\":\"https:\\\/\\\/boeselager-realschule.de\\\/wp-content\\\/uploads\\\/2024\\\/09\\\/Digitale-Lizenzen-1024x576.jpg\",\"datePublished\":\"2024-09-09T08:53:26+00:00\",\"dateModified\":\"2024-09-09T10:04:15+00:00\",\"description\":\"Realschule plus, Ahrweiler, Boeselager Realschule, individuelle F\u00f6rderung, Wahlpflichtf\u00e4cher, internationale Partnerschaften, Arbeitsgemeinschaften, Bildung, Schulgemeinschaft\",\"breadcrumb\":{\"@id\":\"https:\\\/\\\/boeselager-realschule.de\\\/?page_id=12162#breadcrumb\"},\"inLanguage\":\"de\",\"potentialAction\":[{\"@type\":\"ReadAction\",\"target\":[\"https:\\\/\\\/boeselager-realschule.de\\\/?page_id=12162\"]}]},{\"@type\":\"ImageObject\",\"inLanguage\":\"de\",\"@id\":\"https:\\\/\\\/boeselager-realschule.de\\\/?page_id=12162#primaryimage\",\"url\":\"https:\\\/\\\/boeselager-realschule.de\\\/wp-content\\\/uploads\\\/2024\\\/09\\\/Digitale-Lizenzen-scaled.jpg\",\"contentUrl\":\"https:\\\/\\\/boeselager-realschule.de\\\/wp-content\\\/uploads\\\/2024\\\/09\\\/Digitale-Lizenzen-scaled.jpg\",\"width\":2560,\"height\":1440},{\"@type\":\"BreadcrumbList\",\"@id\":\"https:\\\/\\\/boeselager-realschule.de\\\/?page_id=12162#breadcrumb\",\"itemListElement\":[{\"@type\":\"ListItem\",\"position\":1,\"name\":\"Startseite\",\"item\":\"https:\\\/\\\/boeselager-realschule.de\\\/\"},{\"@type\":\"ListItem\",\"position\":2,\"name\":\"Schulgemeinschaft\",\"item\":\"https:\\\/\\\/boeselager-realschule.de\\\/?page_id=152\"},{\"@type\":\"ListItem\",\"position\":3,\"name\":\"F\u00f6rderverein\",\"item\":\"https:\\\/\\\/boeselager-realschule.de\\\/?page_id=156\"},{\"@type\":\"ListItem\",\"position\":4,\"name\":\"Digitale Schulbuchlizenzen\"}]},{\"@type\":\"WebSite\",\"@id\":\"https:\\\/\\\/boeselager-realschule.de\\\/#website\",\"url\":\"https:\\\/\\\/boeselager-realschule.de\\\/\",\"name\":\"Philipp Freiherr von Boeselager Realschule plus Ahrweiler\",\"description\":\"\",\"publisher\":{\"@id\":\"https:\\\/\\\/boeselager-realschule.de\\\/#organization\"},\"potentialAction\":[{\"@type\":\"SearchAction\",\"target\":{\"@type\":\"EntryPoint\",\"urlTemplate\":\"https:\\\/\\\/boeselager-realschule.de\\\/?s={search_term_string}\"},\"query-input\":{\"@type\":\"PropertyValueSpecification\",\"valueRequired\":true,\"valueName\":\"search_term_string\"}}],\"inLanguage\":\"de\"},{\"@type\":\"Organization\",\"@id\":\"https:\\\/\\\/boeselager-realschule.de\\\/#organization\",\"name\":\"Philipp Freiherr von Boeselager Realschule plus Ahrweiler\",\"url\":\"https:\\\/\\\/boeselager-realschule.de\\\/\",\"logo\":{\"@type\":\"ImageObject\",\"inLanguage\":\"de\",\"@id\":\"https:\\\/\\\/boeselager-realschule.de\\\/#\\\/schema\\\/logo\\\/image\\\/\",\"url\":\"https:\\\/\\\/boeselager-realschule.de\\\/wp-content\\\/uploads\\\/2025\\\/02\\\/logo_280-gif.gif\",\"contentUrl\":\"https:\\\/\\\/boeselager-realschule.de\\\/wp-content\\\/uploads\\\/2025\\\/02\\\/logo_280-gif.gif\",\"width\":280,\"height\":226,\"caption\":\"Philipp Freiherr von Boeselager Realschule plus Ahrweiler\"},\"image\":{\"@id\":\"https:\\\/\\\/boeselager-realschule.de\\\/#\\\/schema\\\/logo\\\/image\\\/\"},\"sameAs\":[\"https:\\\/\\\/www.facebook.com\\\/rsplus\"]}]}<\/script>\n<!-- \/ Yoast SEO plugin. -->","yoast_head_json":{"title":"Digitale Schulbuchlizenzen &#183; Philipp Freiherr von Boeselager Realschule plus Ahrweiler","description":"Realschule plus, Ahrweiler, Boeselager Realschule, individuelle F\u00f6rderung, Wahlpflichtf\u00e4cher, internationale Partnerschaften, Arbeitsgemeinschaften, Bildung, Schulgemeinschaft","robots":{"index":"index","follow":"follow","max-snippet":"max-snippet:-1","max-image-preview":"max-image-preview:large","max-video-preview":"max-video-preview:-1"},"canonical":"https:\/\/boeselager-realschule.de\/?page_id=12162","og_locale":"de_DE","og_type":"article","og_title":"Digitale Schulbuchlizenzen &#183; Philipp Freiherr von Boeselager Realschule plus Ahrweiler","og_description":"Realschule plus, Ahrweiler, Boeselager Realschule, individuelle F\u00f6rderung, Wahlpflichtf\u00e4cher, internationale Partnerschaften, Arbeitsgemeinschaften, Bildung, Schulgemeinschaft","og_url":"https:\/\/boeselager-realschule.de\/?page_id=12162","og_site_name":"Philipp Freiherr von Boeselager Realschule plus Ahrweiler","article_publisher":"https:\/\/www.facebook.com\/rsplus","article_modified_time":"2024-09-09T10:04:15+00:00","og_image":[{"url":"https:\/\/boeselager-realschule.de\/wp-content\/uploads\/2024\/09\/Digitale-Lizenzen-1024x576.jpg","type":"","width":"","height":""}],"twitter_card":"summary_large_image","twitter_misc":{"Gesch\u00e4tzte Lesezeit":"1\u00a0Minute"},"schema":{"@context":"https:\/\/schema.org","@graph":[{"@type":"WebPage","@id":"https:\/\/boeselager-realschule.de\/?page_id=12162","url":"https:\/\/boeselager-realschule.de\/?page_id=12162","name":"Digitale Schulbuchlizenzen &#183; Philipp Freiherr von Boeselager Realschule plus Ahrweiler","isPartOf":{"@id":"https:\/\/boeselager-realschule.de\/#website"},"primaryImageOfPage":{"@id":"https:\/\/boeselager-realschule.de\/?page_id=12162#primaryimage"},"image":{"@id":"https:\/\/boeselager-realschule.de\/?page_id=12162#primaryimage"},"thumbnailUrl":"https:\/\/boeselager-realschule.de\/wp-content\/uploads\/2024\/09\/Digitale-Lizenzen-1024x576.jpg","datePublished":"2024-09-09T08:53:26+00:00","dateModified":"2024-09-09T10:04:15+00:00","description":"Realschule plus, Ahrweiler, Boeselager Realschule, individuelle F\u00f6rderung, Wahlpflichtf\u00e4cher, internationale Partnerschaften, Arbeitsgemeinschaften, Bildung, Schulgemeinschaft","breadcrumb":{"@id":"https:\/\/boeselager-realschule.de\/?page_id=12162#breadcrumb"},"inLanguage":"de","potentialAction":[{"@type":"ReadAction","target":["https:\/\/boeselager-realschule.de\/?page_id=12162"]}]},{"@type":"ImageObject","inLanguage":"de","@id":"https:\/\/boeselager-realschule.de\/?page_id=12162#primaryimage","url":"https:\/\/boeselager-realschule.de\/wp-content\/uploads\/2024\/09\/Digitale-Lizenzen-scaled.jpg","contentUrl":"https:\/\/boeselager-realschule.de\/wp-content\/uploads\/2024\/09\/Digitale-Lizenzen-scaled.jpg","width":2560,"height":1440},{"@type":"BreadcrumbList","@id":"https:\/\/boeselager-realschule.de\/?page_id=12162#breadcrumb","itemListElement":[{"@type":"ListItem","position":1,"name":"Startseite","item":"https:\/\/boeselager-realschule.de\/"},{"@type":"ListItem","position":2,"name":"Schulgemeinschaft","item":"https:\/\/boeselager-realschule.de\/?page_id=152"},{"@type":"ListItem","position":3,"name":"F\u00f6rderverein","item":"https:\/\/boeselager-realschule.de\/?page_id=156"},{"@type":"ListItem","position":4,"name":"Digitale Schulbuchlizenzen"}]},{"@type":"WebSite","@id":"https:\/\/boeselager-realschule.de\/#website","url":"https:\/\/boeselager-realschule.de\/","name":"Philipp Freiherr von Boeselager Realschule plus Ahrweiler","description":"","publisher":{"@id":"https:\/\/boeselager-realschule.de\/#organization"},"potentialAction":[{"@type":"SearchAction","target":{"@type":"EntryPoint","urlTemplate":"https:\/\/boeselager-realschule.de\/?s={search_term_string}"},"query-input":{"@type":"PropertyValueSpecification","valueRequired":true,"valueName":"search_term_string"}}],"inLanguage":"de"},{"@type":"Organization","@id":"https:\/\/boeselager-realschule.de\/#organization","name":"Philipp Freiherr von Boeselager Realschule plus Ahrweiler","url":"https:\/\/boeselager-realschule.de\/","logo":{"@type":"ImageObject","inLanguage":"de","@id":"https:\/\/boeselager-realschule.de\/#\/schema\/logo\/image\/","url":"https:\/\/boeselager-realschule.de\/wp-content\/uploads\/2025\/02\/logo_280-gif.gif","contentUrl":"https:\/\/boeselager-realschule.de\/wp-content\/uploads\/2025\/02\/logo_280-gif.gif","width":280,"height":226,"caption":"Philipp Freiherr von Boeselager Realschule plus Ahrweiler"},"image":{"@id":"https:\/\/boeselager-realschule.de\/#\/schema\/logo\/image\/"},"sameAs":["https:\/\/www.facebook.com\/rsplus"]}]}},"_links":{"self":[{"href":"https:\/\/boeselager-realschule.de\/index.php?rest_route=\/wp\/v2\/pages\/12162","targetHints":{"allow":["GET"]}}],"collection":[{"href":"https:\/\/boeselager-realschule.de\/index.php?rest_route=\/wp\/v2\/pages"}],"about":[{"href":"https:\/\/boeselager-realschule.de\/index.php?rest_route=\/wp\/v2\/types\/page"}],"author":[{"embeddable":true,"href":"https:\/\/boeselager-realschule.de\/index.php?rest_route=\/wp\/v2\/users\/5"}],"replies":[{"embeddable":true,"href":"https:\/\/boeselager-realschule.de\/index.php?rest_route=%2Fwp%2Fv2%2Fcomments&post=12162"}],"version-history":[{"count":6,"href":"https:\/\/boeselager-realschule.de\/index.php?rest_route=\/wp\/v2\/pages\/12162\/revisions"}],"predecessor-version":[{"id":12169,"href":"https:\/\/boeselager-realschule.de\/index.php?rest_route=\/wp\/v2\/pages\/12162\/revisions\/12169"}],"up":[{"embeddable":true,"href":"https:\/\/boeselager-realschule.de\/index.php?rest_route=\/wp\/v2\/pages\/156"}],"wp:attachment":[{"href":"https:\/\/boeselager-realschule.de\/index.php?rest_route=%2Fwp%2Fv2%2Fmedia&parent=12162"}],"curies":[{"name":"wp","href":"https:\/\/api.w.org\/{rel}","templated":true}]}}