{"id":11513,"date":"2023-09-23T12:13:29","date_gmt":"2023-09-23T10:13:29","guid":{"rendered":"https:\/\/boeselager-realschule.de\/?page_id=11513"},"modified":"2025-08-18T18:59:33","modified_gmt":"2025-08-18T16:59:33","slug":"arbeitsgemeinschaften","status":"publish","type":"page","link":"https:\/\/boeselager-realschule.de\/?page_id=11513","title":{"rendered":"Arbeitsgemeinschaften"},"content":{"rendered":"<p style=\"text-align: center;\"><strong>Arbeitsgemeinschaften 2025\/26<\/strong><\/p>\n<p><em> Liebe Sch\u00fclerinnen und Sch\u00fcler,<\/em><\/p>\n<p><em>im Folgenden findet ihr zu jeder Arbeitsgemeinschaft eine kurze Beschreibung, damit ihr besser entscheiden k\u00f6nnt, was f\u00fcr euch vielleicht in Frage kommt:<\/em><\/p>\n<p>&nbsp;<\/p>\n<p><strong>Arbeitsgemeinschaft Kunst<\/strong> (montags 14.00 bis 15.45 Uhr bei Frau Richrath)<\/p>\n<p>Ihr k\u00f6nnt im Kunstatelier viele verschiedene M\u00f6glichkeiten zum Ausdruck ihrer Gestaltungsabsicht<br \/>\nbzw. ihrer Kreativit\u00e4t kennenlernen. Das gilt f\u00fcr den grafischen Bereich, zum Beispiel beim Zeichnen<br \/>\nmit Kohle und Pastell, beim Drucken mit und ohne Presse, beim r\u00e4umlichen Gestalten arbeiten wir mit<br \/>\nTon und Papier. Das gilt ebenso f\u00fcr das Malen, zum Beispiel mit Acryl auf Leinwand. Insgesamt geht<br \/>\nes neben der Erweiterung der bildnerischen M\u00f6glichkeiten vor allem um die Freude am Gestalten.<\/p>\n<p><strong>Arbeitsgemeinschaft Trashdrumming<\/strong> (dienstags, 14.00 bis 14.50 Uhr und 14.55 bis 15.45 Uhr bei Frau Waters)<\/p>\n<p>In dieser AG werden wir gemeinsam mit Schlagzeug-Sticks auf Regentonnen trommeln. Das wird laut,<br \/>\nlustig und macht richtig viel Spa\u00df! \ud83d\ude42 Dabei schulen wir unser Geh\u00f6r und unsere Rhythmusfertigkeiten<br \/>\ngenauso wie unseren Teamgeist. Nat\u00fcrlich wollen wir auch gemeinsam auftreten, deshalb ist mir ein<br \/>\nkonzentriertes \u00dcben und eine regelm\u00e4\u00dfige Teilnahme an der AG wichtig. Vorkenntnisse brauchst du<br \/>\nnicht, aber Durchhalteverm\u00f6gen und Geduld \u2013 wir lernen alle zusammen. Ich freu mich schon auf dich,<br \/>\nbist du dabei?<br \/>\nHinweis: Jedes Kind kann die AG Trashdrumming nur 1x w\u00e4hlen.<\/p>\n<p><strong>Arbeitsgemeinschaft Jungenfu\u00dfball<\/strong> (mittwochs, 14.00 bis 14.50 Uhr bei Herrn Lochner)<\/p>\n<p>In der AG Jungenfu\u00dfball soll das &#8220;Miteinander-Fu\u00dfball-Spielen&#8221; im Vordergrund stehen, wobei auch<br \/>\ntechnische und taktische Fertigkeiten nicht zu kurz kommen sollen. Ambitionierte Sch\u00fcler haben die<br \/>\nM\u00f6glichkeit, sich \u00fcber das Training f\u00fcr die Schulmannschaft (&#8220;Jugend trainiert f\u00fcr Olympia&#8221;, &#8220;Fritz-<br \/>\nWalter-Cup&#8221;) zu qualifizieren.<\/p>\n<p><strong>Arbeitsgemeinschaft Spiele<\/strong> (montags und donnerstags, 14.00 bis 14.50 Uhr bei Herrn Wuttke)<\/p>\n<p>In der AG Spiele kannst du verschiedene Spiele kennenlernen und ausprobieren. Hierbei geht es nicht<br \/>\nnur um klassische Gesellschaftsspiele wie Mensch \u00c4rgere Dich Nicht oder Uno, sondern auch um neue<br \/>\nund unbekannte Spiele, die in der Gruppe gemeinsam entdeckt werden k\u00f6nnen.<\/p>\n<p><strong>Arbeitsgemeinschaft Bibliothek<\/strong> (mittwochs, 14.55 bis 15.45 Uhr bei Frau Sarkis)<\/p>\n<p>Du liest gerne und tr\u00e4umst von fernen Phantasieorten? Dann ist die B\u00fccherei-AG genau das Richtige<br \/>\nf\u00fcr dich. Hier werden wir gemeinsam neue B\u00fccher bestellen, die B\u00fccherei gestalten und die Ausleihe<br \/>\norganisieren.<\/p>\n<p><strong>Arbeitsgemeinschaft Garten<\/strong> (mittwochs, 14.00 bis 15.45 Uhr bei Frau Fuhrmann)<\/p>\n<p>Du interessierst dich f\u00fcr alles, was gr\u00fcnt und bl\u00fcht und magst die Natur? Dann gestalte mit uns den<br \/>\nSchulhof\/Innenhof, damit wir uns wohlf\u00fchlen k\u00f6nnen an unserer Schule Au\u00dferdem lernt ihr g\u00e4rtnern,<br \/>\nPflanzen bestimmen und was man tun kann, um Tieren und Pflanzen ideale Lebensbedingungen zu<br \/>\nbieten. So haben wir zum Beispiel in den vergangenen Jahren unter anderem Wildbienenhotels selber<br \/>\ngebaut. Auch was man alles mit Wildpflanzen machen und wof\u00fcr man sie gebrauchen, kann wird ein<br \/>\nAspekt in der AG sein. Ebenso Dekorationen aus der Natur und Kochen mit Kr\u00e4utern.<\/p>\n<p><strong>Arbeitsgemeinschaft Technik<\/strong> (donnerstags, 14.00 bis 15.45 Uhr bei Herrn Meyer)<\/p>\n<p>Wenn du an technischen Dingen interessiert bist, selbst gerne mit Werkzeug arbeitest oder beim<br \/>\nHeimwerken hilfst, dann darfst du gerne bei der Technik AG vorbeischauen. Wir setzen uns mit<br \/>\neinfachem Werkzeug auseinander und probieren einfache Techniken aus, versuchen uns am 3D<br \/>\nDrucker oder an kleinen Robotern.<\/p>\n<p>&nbsp;<\/p>\n","protected":false},"excerpt":{"rendered":"<p>Arbeitsgemeinschaften 2025\/26 Liebe Sch\u00fclerinnen und Sch\u00fcler, im Folgenden findet ihr zu jeder Arbeitsgemeinschaft eine kurze Beschreibung, damit ihr besser entscheiden k\u00f6nnt, was f\u00fcr euch vielleicht in Frage kommt: &nbsp; Arbeitsgemeinschaft Kunst (montags 14.00 bis 15.45 Uhr bei Frau Richrath) Ihr k\u00f6nnt im Kunstatelier viele verschiedene M\u00f6glichkeiten zum Ausdruck ihrer Gestaltungsabsicht bzw. ihrer Kreativit\u00e4t kennenlernen. Das [&hellip;]<\/p>\n","protected":false},"author":5,"featured_media":0,"parent":2037,"menu_order":1,"comment_status":"closed","ping_status":"closed","template":"","meta":{"ngg_post_thumbnail":0,"footnotes":""},"class_list":["post-11513","page","type-page","status-publish","hentry"],"yoast_head":"<!-- This site is optimized with the Yoast SEO plugin v27.3 - https:\/\/yoast.com\/product\/yoast-seo-wordpress\/ -->\n<title>Arbeitsgemeinschaften &#183; Philipp Freiherr von Boeselager Realschule plus Ahrweiler<\/title>\n<meta name=\"description\" content=\"Realschule plus, Ahrweiler, Boeselager Realschule, individuelle F\u00f6rderung, Wahlpflichtf\u00e4cher, internationale Partnerschaften, Arbeitsgemeinschaften, Bildung, Schulgemeinschaft\" \/>\n<meta name=\"robots\" content=\"index, follow, max-snippet:-1, max-image-preview:large, max-video-preview:-1\" \/>\n<link rel=\"canonical\" href=\"https:\/\/boeselager-realschule.de\/?page_id=11513\" \/>\n<meta property=\"og:locale\" content=\"de_DE\" \/>\n<meta property=\"og:type\" content=\"article\" \/>\n<meta property=\"og:title\" content=\"Arbeitsgemeinschaften &#183; Philipp Freiherr von Boeselager Realschule plus Ahrweiler\" \/>\n<meta property=\"og:description\" content=\"Realschule plus, Ahrweiler, Boeselager Realschule, individuelle F\u00f6rderung, Wahlpflichtf\u00e4cher, internationale Partnerschaften, Arbeitsgemeinschaften, Bildung, Schulgemeinschaft\" \/>\n<meta property=\"og:url\" content=\"https:\/\/boeselager-realschule.de\/?page_id=11513\" \/>\n<meta property=\"og:site_name\" content=\"Philipp Freiherr von Boeselager Realschule plus Ahrweiler\" \/>\n<meta property=\"article:publisher\" content=\"https:\/\/www.facebook.com\/rsplus\" \/>\n<meta property=\"article:modified_time\" content=\"2025-08-18T16:59:33+00:00\" \/>\n<meta name=\"twitter:card\" content=\"summary_large_image\" \/>\n<meta name=\"twitter:label1\" content=\"Gesch\u00e4tzte Lesezeit\" \/>\n\t<meta name=\"twitter:data1\" content=\"3\u00a0Minuten\" \/>\n<script type=\"application\/ld+json\" class=\"yoast-schema-graph\">{\"@context\":\"https:\\\/\\\/schema.org\",\"@graph\":[{\"@type\":\"WebPage\",\"@id\":\"https:\\\/\\\/boeselager-realschule.de\\\/?page_id=11513\",\"url\":\"https:\\\/\\\/boeselager-realschule.de\\\/?page_id=11513\",\"name\":\"Arbeitsgemeinschaften &#183; Philipp Freiherr von Boeselager Realschule plus Ahrweiler\",\"isPartOf\":{\"@id\":\"https:\\\/\\\/boeselager-realschule.de\\\/#website\"},\"datePublished\":\"2023-09-23T10:13:29+00:00\",\"dateModified\":\"2025-08-18T16:59:33+00:00\",\"description\":\"Realschule plus, Ahrweiler, Boeselager Realschule, individuelle F\u00f6rderung, Wahlpflichtf\u00e4cher, internationale Partnerschaften, Arbeitsgemeinschaften, Bildung, Schulgemeinschaft\",\"breadcrumb\":{\"@id\":\"https:\\\/\\\/boeselager-realschule.de\\\/?page_id=11513#breadcrumb\"},\"inLanguage\":\"de\",\"potentialAction\":[{\"@type\":\"ReadAction\",\"target\":[\"https:\\\/\\\/boeselager-realschule.de\\\/?page_id=11513\"]}]},{\"@type\":\"BreadcrumbList\",\"@id\":\"https:\\\/\\\/boeselager-realschule.de\\\/?page_id=11513#breadcrumb\",\"itemListElement\":[{\"@type\":\"ListItem\",\"position\":1,\"name\":\"Startseite\",\"item\":\"https:\\\/\\\/boeselager-realschule.de\\\/\"},{\"@type\":\"ListItem\",\"position\":2,\"name\":\"Nachmittag\",\"item\":\"https:\\\/\\\/boeselager-realschule.de\\\/?page_id=2037\"},{\"@type\":\"ListItem\",\"position\":3,\"name\":\"Arbeitsgemeinschaften\"}]},{\"@type\":\"WebSite\",\"@id\":\"https:\\\/\\\/boeselager-realschule.de\\\/#website\",\"url\":\"https:\\\/\\\/boeselager-realschule.de\\\/\",\"name\":\"Philipp Freiherr von Boeselager Realschule plus Ahrweiler\",\"description\":\"\",\"publisher\":{\"@id\":\"https:\\\/\\\/boeselager-realschule.de\\\/#organization\"},\"potentialAction\":[{\"@type\":\"SearchAction\",\"target\":{\"@type\":\"EntryPoint\",\"urlTemplate\":\"https:\\\/\\\/boeselager-realschule.de\\\/?s={search_term_string}\"},\"query-input\":{\"@type\":\"PropertyValueSpecification\",\"valueRequired\":true,\"valueName\":\"search_term_string\"}}],\"inLanguage\":\"de\"},{\"@type\":\"Organization\",\"@id\":\"https:\\\/\\\/boeselager-realschule.de\\\/#organization\",\"name\":\"Philipp Freiherr von Boeselager Realschule plus Ahrweiler\",\"url\":\"https:\\\/\\\/boeselager-realschule.de\\\/\",\"logo\":{\"@type\":\"ImageObject\",\"inLanguage\":\"de\",\"@id\":\"https:\\\/\\\/boeselager-realschule.de\\\/#\\\/schema\\\/logo\\\/image\\\/\",\"url\":\"https:\\\/\\\/boeselager-realschule.de\\\/wp-content\\\/uploads\\\/2025\\\/02\\\/logo_280-gif.gif\",\"contentUrl\":\"https:\\\/\\\/boeselager-realschule.de\\\/wp-content\\\/uploads\\\/2025\\\/02\\\/logo_280-gif.gif\",\"width\":280,\"height\":226,\"caption\":\"Philipp Freiherr von Boeselager Realschule plus Ahrweiler\"},\"image\":{\"@id\":\"https:\\\/\\\/boeselager-realschule.de\\\/#\\\/schema\\\/logo\\\/image\\\/\"},\"sameAs\":[\"https:\\\/\\\/www.facebook.com\\\/rsplus\"]}]}<\/script>\n<!-- \/ Yoast SEO plugin. -->","yoast_head_json":{"title":"Arbeitsgemeinschaften &#183; Philipp Freiherr von Boeselager Realschule plus Ahrweiler","description":"Realschule plus, Ahrweiler, Boeselager Realschule, individuelle F\u00f6rderung, Wahlpflichtf\u00e4cher, internationale Partnerschaften, Arbeitsgemeinschaften, Bildung, Schulgemeinschaft","robots":{"index":"index","follow":"follow","max-snippet":"max-snippet:-1","max-image-preview":"max-image-preview:large","max-video-preview":"max-video-preview:-1"},"canonical":"https:\/\/boeselager-realschule.de\/?page_id=11513","og_locale":"de_DE","og_type":"article","og_title":"Arbeitsgemeinschaften &#183; Philipp Freiherr von Boeselager Realschule plus Ahrweiler","og_description":"Realschule plus, Ahrweiler, Boeselager Realschule, individuelle F\u00f6rderung, Wahlpflichtf\u00e4cher, internationale Partnerschaften, Arbeitsgemeinschaften, Bildung, Schulgemeinschaft","og_url":"https:\/\/boeselager-realschule.de\/?page_id=11513","og_site_name":"Philipp Freiherr von Boeselager Realschule plus Ahrweiler","article_publisher":"https:\/\/www.facebook.com\/rsplus","article_modified_time":"2025-08-18T16:59:33+00:00","twitter_card":"summary_large_image","twitter_misc":{"Gesch\u00e4tzte Lesezeit":"3\u00a0Minuten"},"schema":{"@context":"https:\/\/schema.org","@graph":[{"@type":"WebPage","@id":"https:\/\/boeselager-realschule.de\/?page_id=11513","url":"https:\/\/boeselager-realschule.de\/?page_id=11513","name":"Arbeitsgemeinschaften &#183; Philipp Freiherr von Boeselager Realschule plus Ahrweiler","isPartOf":{"@id":"https:\/\/boeselager-realschule.de\/#website"},"datePublished":"2023-09-23T10:13:29+00:00","dateModified":"2025-08-18T16:59:33+00:00","description":"Realschule plus, Ahrweiler, Boeselager Realschule, individuelle F\u00f6rderung, Wahlpflichtf\u00e4cher, internationale Partnerschaften, Arbeitsgemeinschaften, Bildung, Schulgemeinschaft","breadcrumb":{"@id":"https:\/\/boeselager-realschule.de\/?page_id=11513#breadcrumb"},"inLanguage":"de","potentialAction":[{"@type":"ReadAction","target":["https:\/\/boeselager-realschule.de\/?page_id=11513"]}]},{"@type":"BreadcrumbList","@id":"https:\/\/boeselager-realschule.de\/?page_id=11513#breadcrumb","itemListElement":[{"@type":"ListItem","position":1,"name":"Startseite","item":"https:\/\/boeselager-realschule.de\/"},{"@type":"ListItem","position":2,"name":"Nachmittag","item":"https:\/\/boeselager-realschule.de\/?page_id=2037"},{"@type":"ListItem","position":3,"name":"Arbeitsgemeinschaften"}]},{"@type":"WebSite","@id":"https:\/\/boeselager-realschule.de\/#website","url":"https:\/\/boeselager-realschule.de\/","name":"Philipp Freiherr von Boeselager Realschule plus Ahrweiler","description":"","publisher":{"@id":"https:\/\/boeselager-realschule.de\/#organization"},"potentialAction":[{"@type":"SearchAction","target":{"@type":"EntryPoint","urlTemplate":"https:\/\/boeselager-realschule.de\/?s={search_term_string}"},"query-input":{"@type":"PropertyValueSpecification","valueRequired":true,"valueName":"search_term_string"}}],"inLanguage":"de"},{"@type":"Organization","@id":"https:\/\/boeselager-realschule.de\/#organization","name":"Philipp Freiherr von Boeselager Realschule plus Ahrweiler","url":"https:\/\/boeselager-realschule.de\/","logo":{"@type":"ImageObject","inLanguage":"de","@id":"https:\/\/boeselager-realschule.de\/#\/schema\/logo\/image\/","url":"https:\/\/boeselager-realschule.de\/wp-content\/uploads\/2025\/02\/logo_280-gif.gif","contentUrl":"https:\/\/boeselager-realschule.de\/wp-content\/uploads\/2025\/02\/logo_280-gif.gif","width":280,"height":226,"caption":"Philipp Freiherr von Boeselager Realschule plus Ahrweiler"},"image":{"@id":"https:\/\/boeselager-realschule.de\/#\/schema\/logo\/image\/"},"sameAs":["https:\/\/www.facebook.com\/rsplus"]}]}},"_links":{"self":[{"href":"https:\/\/boeselager-realschule.de\/index.php?rest_route=\/wp\/v2\/pages\/11513","targetHints":{"allow":["GET"]}}],"collection":[{"href":"https:\/\/boeselager-realschule.de\/index.php?rest_route=\/wp\/v2\/pages"}],"about":[{"href":"https:\/\/boeselager-realschule.de\/index.php?rest_route=\/wp\/v2\/types\/page"}],"author":[{"embeddable":true,"href":"https:\/\/boeselager-realschule.de\/index.php?rest_route=\/wp\/v2\/users\/5"}],"replies":[{"embeddable":true,"href":"https:\/\/boeselager-realschule.de\/index.php?rest_route=%2Fwp%2Fv2%2Fcomments&post=11513"}],"version-history":[{"count":9,"href":"https:\/\/boeselager-realschule.de\/index.php?rest_route=\/wp\/v2\/pages\/11513\/revisions"}],"predecessor-version":[{"id":12780,"href":"https:\/\/boeselager-realschule.de\/index.php?rest_route=\/wp\/v2\/pages\/11513\/revisions\/12780"}],"up":[{"embeddable":true,"href":"https:\/\/boeselager-realschule.de\/index.php?rest_route=\/wp\/v2\/pages\/2037"}],"wp:attachment":[{"href":"https:\/\/boeselager-realschule.de\/index.php?rest_route=%2Fwp%2Fv2%2Fmedia&parent=11513"}],"curies":[{"name":"wp","href":"https:\/\/api.w.org\/{rel}","templated":true}]}}