{"id":1104,"date":"2010-09-29T20:18:40","date_gmt":"2010-09-29T18:18:40","guid":{"rendered":"http:\/\/boeselager-schule.de\/?page_id=1104"},"modified":"2024-01-24T13:26:56","modified_gmt":"2024-01-24T12:26:56","slug":"berufsorientierung","status":"publish","type":"page","link":"https:\/\/boeselager-realschule.de\/?page_id=1104","title":{"rendered":"Berufsorientierung"},"content":{"rendered":"<p style=\"text-align: center;\"><strong>\u201eFit f\u00fcr den Job\u201c<\/strong><\/p>\n<p style=\"text-align: center;\"><img loading=\"lazy\" decoding=\"async\" class=\"aligncenter size-full wp-image-164\" title=\"Berufsorientierung\" src=\"http:\/\/boeselager-schule.de\/wp-content\/uploads\/2009\/11\/titel-p2009.jpg\" alt=\"Berufsorientierung\" width=\"560\" height=\"336\" srcset=\"https:\/\/boeselager-realschule.de\/wp-content\/uploads\/2009\/11\/titel-p2009.jpg 800w, https:\/\/boeselager-realschule.de\/wp-content\/uploads\/2009\/11\/titel-p2009-300x180.jpg 300w\" sizes=\"auto, (max-width: 560px) 100vw, 560px\" \/><\/p>\n<p style=\"text-align: center;\">Berufsorientierung an der Philipp Freiherr von Boeselager Realschule plus:<\/p>\n<p><strong>8. Schuljahr<\/strong><\/p>\n<p>November<\/p>\n<ul>\n<li>Vorstellung des Praktikums (Termin, Inhalte, Rechtliches) in Sozialkunde<\/li>\n<\/ul>\n<p>Januar<\/p>\n<ul>\n<li>Durchf\u00fchrung eines Online-Eignungstestes auf www.planet-beruf.de zur Wahl des Praktikumsberuf in Sozialkunde<\/li>\n<li>Verfassen von Bewerbung und tabellarischen Lebensl\u00e4ufen f\u00fcr das Praktikum im Fach Deutsch<\/li>\n<\/ul>\n<p>M\u00e4rz<\/p>\n<ul>\n<li>Elterninformationsabend zum Praktikum im Herbst<\/li>\n<\/ul>\n<p>Juni (letzte Woche vor den Sommerferien)<\/p>\n<ul>\n<li>Ausgabe des Elternbriefs (Einverst\u00e4ndniserkl\u00e4rung, Versicherungsbescheinigung, Angaben zum Betrieb) durch den Klassenleiter vor den Sommerferien<\/li>\n<\/ul>\n<p><strong>9. Schuljahr<\/strong><\/p>\n<p><em>Deutsch (in Absprache mit Sozialkunde): <\/em><\/p>\n<ul>\n<li>Texte zur Berufswahl<\/li>\n<li>Umgang mit \u201eBeruf aktuell\u201c<\/li>\n<li>Mindmap zum Berufsbild des Praktikumsberuf (nach Beruf aktuell und\/oder www.planet-beruf.de)<\/li>\n<li>Wunschberuf im Referat vorstellen<\/li>\n<li>Interpretation von Grafiken\/Statistiken zur Arbeitswelt<\/li>\n<li>Vorstellungsgespr\u00e4ch<\/li>\n<\/ul>\n<p><em>Sozialkunde (in Absprache mit Deutsch):<\/em><\/p>\n<ul>\n<li>eigene Interessen und St\u00e4rken erkennen<\/li>\n<li>Erwartungen an den Beruf formulieren<\/li>\n<li>Berufsbild zum Praktikumsberuf erstellen (Mindmap\/Text\/Referat \u2013 siehe Deutsch)<\/li>\n<li>Jugendarbeitsschutzgesetz<\/li>\n<li>Anleitung Praktikumsmappe<\/li>\n<li>Verhalten im Praktikum<\/li>\n<\/ul>\n<p><em>Sockeltrainingstage (Methodentraining):<\/em><\/p>\n<ul>\n<li>Vorbereitung und Durchf\u00fchrung der Pr\u00e4sentation des Praktikums (Tage 1-3)<\/li>\n<li>Bewerbertraining mit externen Experten (Tag 4)<\/li>\n<li>Berufsinfob\u00f6rse \u201eSchule trifft Wirtschaft\u201c (Tag 5)<\/li>\n<\/ul>\n<p><strong>10. Schuljahr<\/strong><\/p>\n<ul>\n<li>Begleitung durch Klassenleiter und Berufsberatung<\/li>\n<\/ul>\n<p style=\"text-align: right;\"><strong><a href=\"http:\/\/boeselager-schule.de\/?p=1155\" target=\"_blank\" rel=\"noopener\">Information zur Berufsberatung<\/a><\/strong><\/p>\n","protected":false},"excerpt":{"rendered":"<p>\u201eFit f\u00fcr den Job\u201c Berufsorientierung an der Philipp Freiherr von Boeselager Realschule plus: 8. Schuljahr November Vorstellung des Praktikums (Termin, Inhalte, Rechtliches) in Sozialkunde Januar Durchf\u00fchrung eines Online-Eignungstestes auf www.planet-beruf.de zur Wahl des Praktikumsberuf in Sozialkunde Verfassen von Bewerbung und tabellarischen Lebensl\u00e4ufen f\u00fcr das Praktikum im Fach Deutsch M\u00e4rz Elterninformationsabend zum Praktikum im Herbst Juni [&hellip;]<\/p>\n","protected":false},"author":5,"featured_media":0,"parent":1106,"menu_order":2,"comment_status":"closed","ping_status":"open","template":"","meta":{"ngg_post_thumbnail":0,"footnotes":""},"class_list":["post-1104","page","type-page","status-publish","hentry"],"yoast_head":"<!-- This site is optimized with the Yoast SEO plugin v27.5 - https:\/\/yoast.com\/product\/yoast-seo-wordpress\/ -->\n<title>Berufsorientierung &#183; Philipp Freiherr von Boeselager Realschule plus Ahrweiler<\/title>\n<meta name=\"description\" content=\"Realschule plus, Ahrweiler, Boeselager Realschule, individuelle F\u00f6rderung, Wahlpflichtf\u00e4cher, internationale Partnerschaften, Arbeitsgemeinschaften, Bildung, Schulgemeinschaft\" \/>\n<meta name=\"robots\" content=\"index, follow, max-snippet:-1, max-image-preview:large, max-video-preview:-1\" \/>\n<link rel=\"canonical\" href=\"https:\/\/boeselager-realschule.de\/?page_id=1104\" \/>\n<meta property=\"og:locale\" content=\"de_DE\" \/>\n<meta property=\"og:type\" content=\"article\" \/>\n<meta property=\"og:title\" content=\"Berufsorientierung &#183; Philipp Freiherr von Boeselager Realschule plus Ahrweiler\" \/>\n<meta property=\"og:description\" content=\"Realschule plus, Ahrweiler, Boeselager Realschule, individuelle F\u00f6rderung, Wahlpflichtf\u00e4cher, internationale Partnerschaften, Arbeitsgemeinschaften, Bildung, Schulgemeinschaft\" \/>\n<meta property=\"og:url\" content=\"https:\/\/boeselager-realschule.de\/?page_id=1104\" \/>\n<meta property=\"og:site_name\" content=\"Philipp Freiherr von Boeselager Realschule plus Ahrweiler\" \/>\n<meta property=\"article:publisher\" content=\"https:\/\/www.facebook.com\/rsplus\" \/>\n<meta property=\"article:modified_time\" content=\"2024-01-24T12:26:56+00:00\" \/>\n<meta property=\"og:image\" content=\"http:\/\/boeselager-schule.de\/wp-content\/uploads\/2009\/11\/titel-p2009.jpg\" \/>\n<meta name=\"twitter:card\" content=\"summary_large_image\" \/>\n<meta name=\"twitter:label1\" content=\"Gesch\u00e4tzte Lesezeit\" \/>\n\t<meta name=\"twitter:data1\" content=\"1\u00a0Minute\" \/>\n<script type=\"application\/ld+json\" class=\"yoast-schema-graph\">{\"@context\":\"https:\\\/\\\/schema.org\",\"@graph\":[{\"@type\":\"WebPage\",\"@id\":\"https:\\\/\\\/boeselager-realschule.de\\\/?page_id=1104\",\"url\":\"https:\\\/\\\/boeselager-realschule.de\\\/?page_id=1104\",\"name\":\"Berufsorientierung &#183; Philipp Freiherr von Boeselager Realschule plus Ahrweiler\",\"isPartOf\":{\"@id\":\"https:\\\/\\\/boeselager-realschule.de\\\/#website\"},\"primaryImageOfPage\":{\"@id\":\"https:\\\/\\\/boeselager-realschule.de\\\/?page_id=1104#primaryimage\"},\"image\":{\"@id\":\"https:\\\/\\\/boeselager-realschule.de\\\/?page_id=1104#primaryimage\"},\"thumbnailUrl\":\"http:\\\/\\\/boeselager-schule.de\\\/wp-content\\\/uploads\\\/2009\\\/11\\\/titel-p2009.jpg\",\"datePublished\":\"2010-09-29T18:18:40+00:00\",\"dateModified\":\"2024-01-24T12:26:56+00:00\",\"description\":\"Realschule plus, Ahrweiler, Boeselager Realschule, individuelle F\u00f6rderung, Wahlpflichtf\u00e4cher, internationale Partnerschaften, Arbeitsgemeinschaften, Bildung, Schulgemeinschaft\",\"breadcrumb\":{\"@id\":\"https:\\\/\\\/boeselager-realschule.de\\\/?page_id=1104#breadcrumb\"},\"inLanguage\":\"de\",\"potentialAction\":[{\"@type\":\"ReadAction\",\"target\":[\"https:\\\/\\\/boeselager-realschule.de\\\/?page_id=1104\"]}]},{\"@type\":\"ImageObject\",\"inLanguage\":\"de\",\"@id\":\"https:\\\/\\\/boeselager-realschule.de\\\/?page_id=1104#primaryimage\",\"url\":\"http:\\\/\\\/boeselager-schule.de\\\/wp-content\\\/uploads\\\/2009\\\/11\\\/titel-p2009.jpg\",\"contentUrl\":\"http:\\\/\\\/boeselager-schule.de\\\/wp-content\\\/uploads\\\/2009\\\/11\\\/titel-p2009.jpg\"},{\"@type\":\"BreadcrumbList\",\"@id\":\"https:\\\/\\\/boeselager-realschule.de\\\/?page_id=1104#breadcrumb\",\"itemListElement\":[{\"@type\":\"ListItem\",\"position\":1,\"name\":\"Startseite\",\"item\":\"https:\\\/\\\/boeselager-realschule.de\\\/\"},{\"@type\":\"ListItem\",\"position\":2,\"name\":\"Profil\",\"item\":\"https:\\\/\\\/boeselager-realschule.de\\\/?page_id=1106\"},{\"@type\":\"ListItem\",\"position\":3,\"name\":\"Berufsorientierung\"}]},{\"@type\":\"WebSite\",\"@id\":\"https:\\\/\\\/boeselager-realschule.de\\\/#website\",\"url\":\"https:\\\/\\\/boeselager-realschule.de\\\/\",\"name\":\"Philipp Freiherr von Boeselager Realschule plus Ahrweiler\",\"description\":\"\",\"publisher\":{\"@id\":\"https:\\\/\\\/boeselager-realschule.de\\\/#organization\"},\"potentialAction\":[{\"@type\":\"SearchAction\",\"target\":{\"@type\":\"EntryPoint\",\"urlTemplate\":\"https:\\\/\\\/boeselager-realschule.de\\\/?s={search_term_string}\"},\"query-input\":{\"@type\":\"PropertyValueSpecification\",\"valueRequired\":true,\"valueName\":\"search_term_string\"}}],\"inLanguage\":\"de\"},{\"@type\":\"Organization\",\"@id\":\"https:\\\/\\\/boeselager-realschule.de\\\/#organization\",\"name\":\"Philipp Freiherr von Boeselager Realschule plus Ahrweiler\",\"url\":\"https:\\\/\\\/boeselager-realschule.de\\\/\",\"logo\":{\"@type\":\"ImageObject\",\"inLanguage\":\"de\",\"@id\":\"https:\\\/\\\/boeselager-realschule.de\\\/#\\\/schema\\\/logo\\\/image\\\/\",\"url\":\"https:\\\/\\\/boeselager-realschule.de\\\/wp-content\\\/uploads\\\/2025\\\/02\\\/logo_280-gif.gif\",\"contentUrl\":\"https:\\\/\\\/boeselager-realschule.de\\\/wp-content\\\/uploads\\\/2025\\\/02\\\/logo_280-gif.gif\",\"width\":280,\"height\":226,\"caption\":\"Philipp Freiherr von Boeselager Realschule plus Ahrweiler\"},\"image\":{\"@id\":\"https:\\\/\\\/boeselager-realschule.de\\\/#\\\/schema\\\/logo\\\/image\\\/\"},\"sameAs\":[\"https:\\\/\\\/www.facebook.com\\\/rsplus\"]}]}<\/script>\n<!-- \/ Yoast SEO plugin. -->","yoast_head_json":{"title":"Berufsorientierung &#183; Philipp Freiherr von Boeselager Realschule plus Ahrweiler","description":"Realschule plus, Ahrweiler, Boeselager Realschule, individuelle F\u00f6rderung, Wahlpflichtf\u00e4cher, internationale Partnerschaften, Arbeitsgemeinschaften, Bildung, Schulgemeinschaft","robots":{"index":"index","follow":"follow","max-snippet":"max-snippet:-1","max-image-preview":"max-image-preview:large","max-video-preview":"max-video-preview:-1"},"canonical":"https:\/\/boeselager-realschule.de\/?page_id=1104","og_locale":"de_DE","og_type":"article","og_title":"Berufsorientierung &#183; Philipp Freiherr von Boeselager Realschule plus Ahrweiler","og_description":"Realschule plus, Ahrweiler, Boeselager Realschule, individuelle F\u00f6rderung, Wahlpflichtf\u00e4cher, internationale Partnerschaften, Arbeitsgemeinschaften, Bildung, Schulgemeinschaft","og_url":"https:\/\/boeselager-realschule.de\/?page_id=1104","og_site_name":"Philipp Freiherr von Boeselager Realschule plus Ahrweiler","article_publisher":"https:\/\/www.facebook.com\/rsplus","article_modified_time":"2024-01-24T12:26:56+00:00","og_image":[{"url":"http:\/\/boeselager-schule.de\/wp-content\/uploads\/2009\/11\/titel-p2009.jpg","type":"","width":"","height":""}],"twitter_card":"summary_large_image","twitter_misc":{"Gesch\u00e4tzte Lesezeit":"1\u00a0Minute"},"schema":{"@context":"https:\/\/schema.org","@graph":[{"@type":"WebPage","@id":"https:\/\/boeselager-realschule.de\/?page_id=1104","url":"https:\/\/boeselager-realschule.de\/?page_id=1104","name":"Berufsorientierung &#183; Philipp Freiherr von Boeselager Realschule plus Ahrweiler","isPartOf":{"@id":"https:\/\/boeselager-realschule.de\/#website"},"primaryImageOfPage":{"@id":"https:\/\/boeselager-realschule.de\/?page_id=1104#primaryimage"},"image":{"@id":"https:\/\/boeselager-realschule.de\/?page_id=1104#primaryimage"},"thumbnailUrl":"http:\/\/boeselager-schule.de\/wp-content\/uploads\/2009\/11\/titel-p2009.jpg","datePublished":"2010-09-29T18:18:40+00:00","dateModified":"2024-01-24T12:26:56+00:00","description":"Realschule plus, Ahrweiler, Boeselager Realschule, individuelle F\u00f6rderung, Wahlpflichtf\u00e4cher, internationale Partnerschaften, Arbeitsgemeinschaften, Bildung, Schulgemeinschaft","breadcrumb":{"@id":"https:\/\/boeselager-realschule.de\/?page_id=1104#breadcrumb"},"inLanguage":"de","potentialAction":[{"@type":"ReadAction","target":["https:\/\/boeselager-realschule.de\/?page_id=1104"]}]},{"@type":"ImageObject","inLanguage":"de","@id":"https:\/\/boeselager-realschule.de\/?page_id=1104#primaryimage","url":"http:\/\/boeselager-schule.de\/wp-content\/uploads\/2009\/11\/titel-p2009.jpg","contentUrl":"http:\/\/boeselager-schule.de\/wp-content\/uploads\/2009\/11\/titel-p2009.jpg"},{"@type":"BreadcrumbList","@id":"https:\/\/boeselager-realschule.de\/?page_id=1104#breadcrumb","itemListElement":[{"@type":"ListItem","position":1,"name":"Startseite","item":"https:\/\/boeselager-realschule.de\/"},{"@type":"ListItem","position":2,"name":"Profil","item":"https:\/\/boeselager-realschule.de\/?page_id=1106"},{"@type":"ListItem","position":3,"name":"Berufsorientierung"}]},{"@type":"WebSite","@id":"https:\/\/boeselager-realschule.de\/#website","url":"https:\/\/boeselager-realschule.de\/","name":"Philipp Freiherr von Boeselager Realschule plus Ahrweiler","description":"","publisher":{"@id":"https:\/\/boeselager-realschule.de\/#organization"},"potentialAction":[{"@type":"SearchAction","target":{"@type":"EntryPoint","urlTemplate":"https:\/\/boeselager-realschule.de\/?s={search_term_string}"},"query-input":{"@type":"PropertyValueSpecification","valueRequired":true,"valueName":"search_term_string"}}],"inLanguage":"de"},{"@type":"Organization","@id":"https:\/\/boeselager-realschule.de\/#organization","name":"Philipp Freiherr von Boeselager Realschule plus Ahrweiler","url":"https:\/\/boeselager-realschule.de\/","logo":{"@type":"ImageObject","inLanguage":"de","@id":"https:\/\/boeselager-realschule.de\/#\/schema\/logo\/image\/","url":"https:\/\/boeselager-realschule.de\/wp-content\/uploads\/2025\/02\/logo_280-gif.gif","contentUrl":"https:\/\/boeselager-realschule.de\/wp-content\/uploads\/2025\/02\/logo_280-gif.gif","width":280,"height":226,"caption":"Philipp Freiherr von Boeselager Realschule plus Ahrweiler"},"image":{"@id":"https:\/\/boeselager-realschule.de\/#\/schema\/logo\/image\/"},"sameAs":["https:\/\/www.facebook.com\/rsplus"]}]}},"_links":{"self":[{"href":"https:\/\/boeselager-realschule.de\/index.php?rest_route=\/wp\/v2\/pages\/1104","targetHints":{"allow":["GET"]}}],"collection":[{"href":"https:\/\/boeselager-realschule.de\/index.php?rest_route=\/wp\/v2\/pages"}],"about":[{"href":"https:\/\/boeselager-realschule.de\/index.php?rest_route=\/wp\/v2\/types\/page"}],"author":[{"embeddable":true,"href":"https:\/\/boeselager-realschule.de\/index.php?rest_route=\/wp\/v2\/users\/5"}],"replies":[{"embeddable":true,"href":"https:\/\/boeselager-realschule.de\/index.php?rest_route=%2Fwp%2Fv2%2Fcomments&post=1104"}],"version-history":[{"count":1,"href":"https:\/\/boeselager-realschule.de\/index.php?rest_route=\/wp\/v2\/pages\/1104\/revisions"}],"predecessor-version":[{"id":11774,"href":"https:\/\/boeselager-realschule.de\/index.php?rest_route=\/wp\/v2\/pages\/1104\/revisions\/11774"}],"up":[{"embeddable":true,"href":"https:\/\/boeselager-realschule.de\/index.php?rest_route=\/wp\/v2\/pages\/1106"}],"wp:attachment":[{"href":"https:\/\/boeselager-realschule.de\/index.php?rest_route=%2Fwp%2Fv2%2Fmedia&parent=1104"}],"curies":[{"name":"wp","href":"https:\/\/api.w.org\/{rel}","templated":true}]}}